{"id":21456,"date":"2024-02-23T14:34:08","date_gmt":"2024-02-23T13:34:08","guid":{"rendered":"http:\/\/www.residencereal.com.mialias.net\/?page_id=21456"},"modified":"2024-06-02T00:34:01","modified_gmt":"2024-06-01T22:34:01","slug":"politica-de-cookies","status":"publish","type":"page","link":"https:\/\/www.proptechnia.com\/pt\/politica-de-cookies\/","title":{"rendered":"Pol\u00edtica de Cookies"},"content":{"rendered":"<div data-elementor-type=\"wp-page\" data-elementor-id=\"21456\" class=\"elementor elementor-21456\" data-elementor-post-type=\"page\">\n\t\t\t\t\t\t\t<div class=\"elementor-element elementor-element-3b68979 e-flex e-con-boxed e-con e-parent\" data-id=\"3b68979\" data-element_type=\"container\" data-settings=\"{&quot;content_width&quot;:&quot;boxed&quot;}\" data-core-v316-plus=\"true\">\n\t\t\t\t\t<div class=\"e-con-inner\">\n\t\t<div class=\"elementor-element elementor-element-65b0b30 e-con-full e-flex e-con e-child\" data-id=\"65b0b30\" data-element_type=\"container\" data-settings=\"{&quot;content_width&quot;:&quot;full&quot;}\">\n\t\t\t\t<div class=\"elementor-element elementor-element-e8014f2 elementor-widget elementor-widget-heading\" data-id=\"e8014f2\" data-element_type=\"widget\" data-widget_type=\"heading.default\">\n\t\t\t\t<div class=\"elementor-widget-container\">\n\t\t\t<style>\/*! elementor - v3.16.0 - 20-09-2023 *\/\n.elementor-heading-title{padding:0;margin:0;line-height:1}.elementor-widget-heading .elementor-heading-title[class*=elementor-size-]>a{color:inherit;font-size:inherit;line-height:inherit}.elementor-widget-heading .elementor-heading-title.elementor-size-small{font-size:15px}.elementor-widget-heading .elementor-heading-title.elementor-size-medium{font-size:19px}.elementor-widget-heading .elementor-heading-title.elementor-size-large{font-size:29px}.elementor-widget-heading .elementor-heading-title.elementor-size-xl{font-size:39px}.elementor-widget-heading .elementor-heading-title.elementor-size-xxl{font-size:59px}<\/style><h2 class=\"elementor-heading-title elementor-size-default\">Pol\u00edtica de cookies<\/h2>\t\t<\/div>\n\t\t\t\t<\/div>\n\t\t\t\t<\/div>\n\t\t<div class=\"elementor-element elementor-element-9f39b65 e-con-full e-flex e-con e-child\" data-id=\"9f39b65\" data-element_type=\"container\" data-settings=\"{&quot;content_width&quot;:&quot;full&quot;}\">\n\t\t\t\t<div class=\"elementor-element elementor-element-196c4ea elementor-widget elementor-widget-heading\" data-id=\"196c4ea\" data-element_type=\"widget\" data-widget_type=\"heading.default\">\n\t\t\t\t<div class=\"elementor-widget-container\">\n\t\t\t<p class=\"elementor-heading-title elementor-size-default\">Utilizamos cookies para v\u00e1rios prop\u00f3sitos, incluindo melhorar a navega\u00e7\u00e3o do site, habilitar funcionalidades, analisar o uso destas, colaborar com os nossos estudos de marketing e atividades de marketing personalizadas. Ao clicar em &#034;Aceitar&#034;, voc\u00ea concorda que estas sejam guardadas no seu dispositivo.<br><br>\n\nO que \u00e9 um cookie?<br><br>\n\nOs cookies s\u00e3o pequenos arquivos de texto que os web sites que visitar salvos em seu navegador, e que recuperam a cada vez que lhes visitar novamente. Desta forma, um site pode se lembrar de informa\u00e7\u00f5es sobre a sua \u00faltima visita como o idioma em que voc\u00ea estava navegando, ou outras op\u00e7\u00f5es. O que te impede, por um lado, ter que dar esta informa\u00e7\u00e3o cada vez que voc\u00ea entrar na web, e, por outro, permite-lhe personalizar o site para exibir informa\u00e7\u00f5es sobre suas \u00faltimas visitas.<br><br>\n\nOs cookies s\u00e3o muito importantes, pois nos ajudam a tornar a sua navega\u00e7\u00e3o pela Internet mais e mais f\u00e1cil. Entre outras coisas, servem para lembrar as suas prefer\u00eancias e que, por exemplo, voc\u00ea n\u00e3o tem que indicar a cada vez que voc\u00ea entra, o idioma que quiser ver um site.<br><br>\n\nAs cookies de Proptechnia s\u00e3o seguras?<br><br>\nSim. Os cookies s\u00e3o arquivos de texto, portanto, n\u00e3o podem fazer nada no seu computador: n\u00e3o podem conter v\u00edrus ou nada prejudicial; ou ler de qualquer forma os conte\u00fados do seu computador. N\u00e3o podem acessar informa\u00e7\u00f5es de seu computador, nem nenhum tipo de dados pessoais (como nome, endere\u00e7o ou informa\u00e7\u00f5es de pagamento). A informa\u00e7\u00e3o que um website armazena em um cookie \u00e9 uma informa\u00e7\u00e3o referente a sua navega\u00e7\u00e3o.<br><br>\n\nOs cookies de Proptechnia a \u00fanica coisa que podem fazer \u00e9 armazenar informa\u00e7\u00f5es sobre suas prefer\u00eancias em Proptechnia; e, em seguida, recuperar essa mesma informa\u00e7\u00e3o que temos guardado.<br><br>\n\nPor que Proptechnia utiliza cookies?<br><br>\nPorque queremos oferecer-lhe a melhor experi\u00eancia em nosso site, e para isso s\u00e3o imprescind\u00edveis. De fato, a grande maioria dos sites utiliza cookies. Proptechnia utilizadas com diversos fins, entre eles as precisamos, para que possa entrar na sua conta, para entender o que conte\u00fados se interessam mais e destac\u00e1-los no portal, e para aumentar a relev\u00e2ncia dos an\u00fancios que voc\u00ea v\u00ea. Isso nos serve para que o computador que est\u00e1 por tr\u00e1s do portal conhe\u00e7a o que querem os usu\u00e1rios e possam oferecer o tipo de conte\u00fado deseja encontrar. Na pr\u00f3xima se\u00e7\u00e3o, voc\u00ea ver\u00e1 o detalhe que cookies que utilizamos.<br><br>\n\nO que cookies s\u00e3o utilizados Proptechnia?<br><br>Anal\u00edticas (Google analytics), Sociais ( Facebook, Instagram e Linkedin) e T\u00e9cnicas<br> <br>\n\n\nPor que voc\u00ea deve manter ativados os cookies no Proptechnia?<br><br>\nPorque boa parte das funcionalidades que oferecemos s\u00e3o baseadas nelas. Sem cookies, voc\u00ea pode navegar e usar a maior parte das funcionalidades do Portal.<br><br>\n\nComo gerir (bloquear ou eliminar) os cookies do seu navegador?<br><br>\nA partir de seu navegador, voc\u00ea pode ver toda a informa\u00e7\u00e3o sobre as cookies instaladas, por exemplo:<br><br>\n\n\u2022 Saber quais sites foram instalados cookies, Eliminar os cookies que desejar, Configurar o browser para n\u00e3o aceitar cookies (ou n\u00e3o aceit\u00e1-los de certos sites da web), para Ver o conte\u00fado dos cookies, etc.<br><br>\n\n\nFirefox: Menu Editar &gt; Prefer\u00eancias &gt; Privacidade &gt; Rastreamento\nChrome: (bot\u00e3o superior esquerdo) &gt; Configura\u00e7\u00f5es&gt; Mostrar configura\u00e7\u00f5es avan\u00e7adas -&gt; Privacidade -&gt; Configura\u00e7\u00f5es de conte\u00fado<br><br>\nInternet Explorer: Ferramentas -&gt; Op\u00e7\u00f5es de Internet -&gt; Privacidade -&gt; Configura\u00e7\u00e3o<br><br>\nSafari: Prefer\u00eancias -&gt; Seguran\u00e7a<br><br>\nSe o seu navegador n\u00e3o est\u00e1 na lista, podemos dizer que, em geral, o ajuste normalmente se encontra no menu Configura\u00e7\u00e3o \/ Ajustes \/ Configura\u00e7\u00f5es (ou similar) em seu navegador.\n<\/p>\t\t<\/div>\n\t\t\t\t<\/div>\n\t\t\t\t<\/div>\n\t\t\t\t\t<\/div>\n\t\t\t\t<\/div>\n\t\t<div class=\"elementor-element elementor-element-ce5f37c e-flex e-con-boxed e-con e-parent\" data-id=\"ce5f37c\" data-element_type=\"container\" data-settings=\"{&quot;content_width&quot;:&quot;boxed&quot;}\" data-core-v316-plus=\"true\">\n\t\t\t\t\t<div class=\"e-con-inner\">\n\t\t\t\t<div class=\"elementor-element elementor-element-49eaa3a elementor-widget elementor-widget-html\" data-id=\"49eaa3a\" data-element_type=\"widget\" data-widget_type=\"html.default\">\n\t\t\t\t<div class=\"elementor-widget-container\">\n\t\t\t<style>\n    .container{\n        padding: 0;\n    margin: 0;\n    width: 100%;\n  \n    background-image: url('https:\/\/www.proptechnia.com\/wp-content\/uploads\/2024\/02\/Image_26.jpg');\n    background-repeat: repeat;\n    }\n    \n    .breadcrumb .active {\n    color: white;\n}\n\n.breadcrumb a {\n    color: white;\n}\n\n@media only screen and (max-width: 700px) {\n\n.breadcrumb_container{\n    margin-left: 25px !important;\n    padding: 0 !important;\n}\n.elementor-element-3b68979      {\n    padding: 0 !important;\n}\n\n}\n<\/style>\t\t<\/div>\n\t\t\t\t<\/div>\n\t\t\t\t\t<\/div>\n\t\t\t\t<\/div>\n\t\t\t\t\t\t\t<\/div>","protected":false},"excerpt":{"rendered":"<p>Pol\u00edtica de cookies Utilizamos cookies para varios prop\u00f3sitos, incluyendo mejorar la navegaci\u00f3n del sitio web, habilitar funcionalidades, analizar el uso de estas, colaborar con nuestros estudios de marketing y actividades de marketing personalizadas. Al hacer clic en \u00abAceptar todas\u00bb, aceptas que \u00e9stas se guarden en tu dispositivo. \u00bfQu\u00e9 es una cookie? Las cookies son peque\u00f1os archivos de texto que los sitios web que visitas &#8230;<\/p>","protected":false},"author":1,"featured_media":0,"parent":0,"menu_order":0,"comment_status":"closed","ping_status":"open","template":"","meta":{"footnotes":""},"class_list":["post-21456","page","type-page","status-publish","hentry"],"acf":[],"yoast_head":"<!-- This site is optimized with the Yoast SEO plugin v21.9.1 - https:\/\/yoast.com\/wordpress\/plugins\/seo\/ -->\n<title>Pol\u00edtica de Cookies - proptechnia<\/title>\n<meta name=\"robots\" content=\"index, follow, max-snippet:-1, max-image-preview:large, max-video-preview:-1\" \/>\n<link rel=\"canonical\" href=\"https:\/\/www.proptechnia.com\/pt\/politica-de-cookies\/\" \/>\n<meta property=\"og:locale\" content=\"pt_PT\" \/>\n<meta property=\"og:type\" content=\"article\" \/>\n<meta property=\"og:title\" content=\"Pol\u00edtica de Cookies - proptechnia\" \/>\n<meta property=\"og:description\" content=\"Pol\u00edtica de cookies Utilizamos cookies para varios prop\u00f3sitos, incluyendo mejorar la navegaci\u00f3n del sitio web, habilitar funcionalidades, analizar el uso de estas, colaborar con nuestros estudios de marketing y actividades de marketing personalizadas. Al hacer clic en \u00abAceptar todas\u00bb, aceptas que \u00e9stas se guarden en tu dispositivo. \u00bfQu\u00e9 es una cookie? Las cookies son peque\u00f1os archivos de texto que los sitios web que visitas ...\" \/>\n<meta property=\"og:url\" content=\"https:\/\/www.proptechnia.com\/pt\/politica-de-cookies\/\" \/>\n<meta property=\"og:site_name\" content=\"proptechnia\" \/>\n<meta property=\"article:publisher\" content=\"https:\/\/www.facebook.com\/proptechnia\" \/>\n<meta property=\"article:modified_time\" content=\"2024-06-01T22:34:01+00:00\" \/>\n<meta name=\"twitter:card\" content=\"summary_large_image\" \/>\n<meta name=\"twitter:label1\" content=\"Tempo estimado de leitura\" \/>\n\t<meta name=\"twitter:data1\" content=\"3 minutos\" \/>\n<script type=\"application\/ld+json\" class=\"yoast-schema-graph\">{\"@context\":\"https:\/\/schema.org\",\"@graph\":[{\"@type\":\"WebPage\",\"@id\":\"https:\/\/www.proptechnia.com\/politica-de-cookies\/\",\"url\":\"https:\/\/www.proptechnia.com\/politica-de-cookies\/\",\"name\":\"Pol\u00edtica de Cookies - proptechnia\",\"isPartOf\":{\"@id\":\"https:\/\/www.proptechnia.com\/#website\"},\"datePublished\":\"2024-02-23T13:34:08+00:00\",\"dateModified\":\"2024-06-01T22:34:01+00:00\",\"breadcrumb\":{\"@id\":\"https:\/\/www.proptechnia.com\/politica-de-cookies\/#breadcrumb\"},\"inLanguage\":\"pt-PT\",\"potentialAction\":[{\"@type\":\"ReadAction\",\"target\":[\"https:\/\/www.proptechnia.com\/politica-de-cookies\/\"]}]},{\"@type\":\"BreadcrumbList\",\"@id\":\"https:\/\/www.proptechnia.com\/politica-de-cookies\/#breadcrumb\",\"itemListElement\":[{\"@type\":\"ListItem\",\"position\":1,\"name\":\"Portada\",\"item\":\"https:\/\/www.proptechnia.com\/\"},{\"@type\":\"ListItem\",\"position\":2,\"name\":\"Pol\u00edtica de Cookies\"}]},{\"@type\":\"WebSite\",\"@id\":\"https:\/\/www.proptechnia.com\/#website\",\"url\":\"https:\/\/www.proptechnia.com\/\",\"name\":\"residencereal.com.mialias.net\",\"description\":\"Soluciones proptech\",\"publisher\":{\"@id\":\"https:\/\/www.proptechnia.com\/#organization\"},\"potentialAction\":[{\"@type\":\"SearchAction\",\"target\":{\"@type\":\"EntryPoint\",\"urlTemplate\":\"https:\/\/www.proptechnia.com\/?s={search_term_string}\"},\"query-input\":\"required name=search_term_string\"}],\"inLanguage\":\"pt-PT\"},{\"@type\":\"Organization\",\"@id\":\"https:\/\/www.proptechnia.com\/#organization\",\"name\":\"residencereal.com.mialias.net\",\"url\":\"https:\/\/www.proptechnia.com\/\",\"logo\":{\"@type\":\"ImageObject\",\"inLanguage\":\"pt-PT\",\"@id\":\"https:\/\/www.proptechnia.com\/#\/schema\/logo\/image\/\",\"url\":\"http:\/\/www.residencereal.com.mialias.net\/wp-content\/uploads\/2023\/10\/Logo-Proptechnia-06-Name.jpg\",\"contentUrl\":\"http:\/\/www.residencereal.com.mialias.net\/wp-content\/uploads\/2023\/10\/Logo-Proptechnia-06-Name.jpg\",\"width\":1,\"height\":1,\"caption\":\"residencereal.com.mialias.net\"},\"image\":{\"@id\":\"https:\/\/www.proptechnia.com\/#\/schema\/logo\/image\/\"},\"sameAs\":[\"https:\/\/www.facebook.com\/proptechnia\",\"https:\/\/www.instagram.com\/proptechnia\"]}]}<\/script>\n<!-- \/ Yoast SEO plugin. -->","yoast_head_json":{"title":"Pol\u00edtica de Cookies - proptechnia","robots":{"index":"index","follow":"follow","max-snippet":"max-snippet:-1","max-image-preview":"max-image-preview:large","max-video-preview":"max-video-preview:-1"},"canonical":"https:\/\/www.proptechnia.com\/pt\/politica-de-cookies\/","og_locale":"pt_PT","og_type":"article","og_title":"Pol\u00edtica de Cookies - proptechnia","og_description":"Pol\u00edtica de cookies Utilizamos cookies para varios prop\u00f3sitos, incluyendo mejorar la navegaci\u00f3n del sitio web, habilitar funcionalidades, analizar el uso de estas, colaborar con nuestros estudios de marketing y actividades de marketing personalizadas. Al hacer clic en \u00abAceptar todas\u00bb, aceptas que \u00e9stas se guarden en tu dispositivo. \u00bfQu\u00e9 es una cookie? Las cookies son peque\u00f1os archivos de texto que los sitios web que visitas ...","og_url":"https:\/\/www.proptechnia.com\/pt\/politica-de-cookies\/","og_site_name":"proptechnia","article_publisher":"https:\/\/www.facebook.com\/proptechnia","article_modified_time":"2024-06-01T22:34:01+00:00","twitter_card":"summary_large_image","twitter_misc":{"Tempo estimado de leitura":"3 minutos"},"schema":{"@context":"https:\/\/schema.org","@graph":[{"@type":"WebPage","@id":"https:\/\/www.proptechnia.com\/politica-de-cookies\/","url":"https:\/\/www.proptechnia.com\/politica-de-cookies\/","name":"Pol\u00edtica de Cookies - proptechnia","isPartOf":{"@id":"https:\/\/www.proptechnia.com\/#website"},"datePublished":"2024-02-23T13:34:08+00:00","dateModified":"2024-06-01T22:34:01+00:00","breadcrumb":{"@id":"https:\/\/www.proptechnia.com\/politica-de-cookies\/#breadcrumb"},"inLanguage":"pt-PT","potentialAction":[{"@type":"ReadAction","target":["https:\/\/www.proptechnia.com\/politica-de-cookies\/"]}]},{"@type":"BreadcrumbList","@id":"https:\/\/www.proptechnia.com\/politica-de-cookies\/#breadcrumb","itemListElement":[{"@type":"ListItem","position":1,"name":"Portada","item":"https:\/\/www.proptechnia.com\/"},{"@type":"ListItem","position":2,"name":"Pol\u00edtica de Cookies"}]},{"@type":"WebSite","@id":"https:\/\/www.proptechnia.com\/#website","url":"https:\/\/www.proptechnia.com\/","name":"residencereal.com.mialias.net","description":"Soluciones proptech","publisher":{"@id":"https:\/\/www.proptechnia.com\/#organization"},"potentialAction":[{"@type":"SearchAction","target":{"@type":"EntryPoint","urlTemplate":"https:\/\/www.proptechnia.com\/?s={search_term_string}"},"query-input":"required name=search_term_string"}],"inLanguage":"pt-PT"},{"@type":"Organization","@id":"https:\/\/www.proptechnia.com\/#organization","name":"residencereal.com.mialias.net","url":"https:\/\/www.proptechnia.com\/","logo":{"@type":"ImageObject","inLanguage":"pt-PT","@id":"https:\/\/www.proptechnia.com\/#\/schema\/logo\/image\/","url":"http:\/\/www.residencereal.com.mialias.net\/wp-content\/uploads\/2023\/10\/Logo-Proptechnia-06-Name.jpg","contentUrl":"http:\/\/www.residencereal.com.mialias.net\/wp-content\/uploads\/2023\/10\/Logo-Proptechnia-06-Name.jpg","width":1,"height":1,"caption":"residencereal.com.mialias.net"},"image":{"@id":"https:\/\/www.proptechnia.com\/#\/schema\/logo\/image\/"},"sameAs":["https:\/\/www.facebook.com\/proptechnia","https:\/\/www.instagram.com\/proptechnia"]}]}},"_links":{"self":[{"href":"https:\/\/www.proptechnia.com\/pt\/wp-json\/wp\/v2\/pages\/21456","targetHints":{"allow":["GET"]}}],"collection":[{"href":"https:\/\/www.proptechnia.com\/pt\/wp-json\/wp\/v2\/pages"}],"about":[{"href":"https:\/\/www.proptechnia.com\/pt\/wp-json\/wp\/v2\/types\/page"}],"author":[{"embeddable":true,"href":"https:\/\/www.proptechnia.com\/pt\/wp-json\/wp\/v2\/users\/1"}],"replies":[{"embeddable":true,"href":"https:\/\/www.proptechnia.com\/pt\/wp-json\/wp\/v2\/comments?post=21456"}],"version-history":[{"count":25,"href":"https:\/\/www.proptechnia.com\/pt\/wp-json\/wp\/v2\/pages\/21456\/revisions"}],"predecessor-version":[{"id":23745,"href":"https:\/\/www.proptechnia.com\/pt\/wp-json\/wp\/v2\/pages\/21456\/revisions\/23745"}],"wp:attachment":[{"href":"https:\/\/www.proptechnia.com\/pt\/wp-json\/wp\/v2\/media?parent=21456"}],"curies":[{"name":"wp","href":"https:\/\/api.w.org\/{rel}","templated":true}]}}