{"id":20075,"date":"2023-12-04T21:30:17","date_gmt":"2023-12-04T20:30:17","guid":{"rendered":"http:\/\/www.residencereal.com.mialias.net\/?page_id=20075"},"modified":"2024-05-03T14:39:35","modified_gmt":"2024-05-03T12:39:35","slug":"proptech","status":"publish","type":"page","link":"https:\/\/www.proptechnia.com\/pt\/proptech\/","title":{"rendered":"Proptech"},"content":{"rendered":"<div data-elementor-type=\"wp-page\" data-elementor-id=\"20075\" class=\"elementor elementor-20075\" data-elementor-post-type=\"page\">\n\t\t\t\t\t\t\t<div class=\"elementor-element elementor-element-1c65a31 e-flex e-con-boxed e-con e-parent\" data-id=\"1c65a31\" data-element_type=\"container\" data-settings=\"{&quot;content_width&quot;:&quot;boxed&quot;}\" data-core-v316-plus=\"true\">\n\t\t\t\t\t<div class=\"e-con-inner\">\n\t\t<div class=\"elementor-element elementor-element-4868d4f e-con-full e-flex e-con e-child\" data-id=\"4868d4f\" data-element_type=\"container\" data-settings=\"{&quot;content_width&quot;:&quot;full&quot;}\">\n\t\t\t\t<div class=\"elementor-element elementor-element-a7c8a3e elementor-widget elementor-widget-heading\" data-id=\"a7c8a3e\" data-element_type=\"widget\" data-widget_type=\"heading.default\">\n\t\t\t\t<div class=\"elementor-widget-container\">\n\t\t\t<style>\/*! elementor - v3.16.0 - 20-09-2023 *\/\n.elementor-heading-title{padding:0;margin:0;line-height:1}.elementor-widget-heading .elementor-heading-title[class*=elementor-size-]>a{color:inherit;font-size:inherit;line-height:inherit}.elementor-widget-heading .elementor-heading-title.elementor-size-small{font-size:15px}.elementor-widget-heading .elementor-heading-title.elementor-size-medium{font-size:19px}.elementor-widget-heading .elementor-heading-title.elementor-size-large{font-size:29px}.elementor-widget-heading .elementor-heading-title.elementor-size-xl{font-size:39px}.elementor-widget-heading .elementor-heading-title.elementor-size-xxl{font-size:59px}<\/style><h3 class=\"elementor-heading-title elementor-size-default\">O que \u00e9 Proptech?<\/h3>\t\t<\/div>\n\t\t\t\t<\/div>\n\t\t\t\t<div class=\"elementor-element elementor-element-37702db elementor-widget elementor-widget-heading\" data-id=\"37702db\" data-element_type=\"widget\" data-widget_type=\"heading.default\">\n\t\t\t\t<div class=\"elementor-widget-container\">\n\t\t\t<p class=\"elementor-heading-title elementor-size-default\">O termo &#034;PropTech&#034; \u00e9 a fus\u00e3o das palavras <em>property<\/em> (propriedade) e <em>\ntechnology<\/em> (tecnologia) e faz refer\u00eancia \u00e0 digitaliza\u00e7\u00e3o do setor imobili\u00e1rio.\n\nO PropTech \u00e9 o resultado da aplica\u00e7\u00e3o de tecnologias de ponta ao setor imobili\u00e1rio, o qual permite tanto o desenvolvimento de novos produtos e servi\u00e7os, como a otimiza\u00e7\u00e3o e melhoria dos j\u00e1 existentes.\n\nRepresenta uma revolu\u00e7\u00e3o em rela\u00e7\u00e3o \u00e0 atividade imobili\u00e1ria tradicional, permitindo aumentar a efici\u00eancia e a agilidade, reduzir os custos operacionais e at\u00e9 mesmo fornecer novos e melhores servi\u00e7os para os clientes.\n\nOs nossos especialistas ir\u00e3o ajud\u00e1-lo a escolher a melhor solu\u00e7\u00e3o PropTech para a sua empresa, oferecendo um \u00f3timo retorno. Agregue valor aos seus ativos e a sua empresa com as solu\u00e7\u00f5es que oferecemos.\n<\/p>\t\t<\/div>\n\t\t\t\t<\/div>\n\t\t\t\t<div class=\"elementor-element elementor-element-2dd9e2f elementor-widget elementor-widget-heading\" data-id=\"2dd9e2f\" data-element_type=\"widget\" data-widget_type=\"heading.default\">\n\t\t\t\t<div class=\"elementor-widget-container\">\n\t\t\t<h3 class=\"elementor-heading-title elementor-size-default\">Por que voc\u00ea deve investir em Proptech?<\/h3>\t\t<\/div>\n\t\t\t\t<\/div>\n\t\t\t\t<div class=\"elementor-element elementor-element-6c04841 elementor-widget elementor-widget-heading\" data-id=\"6c04841\" data-element_type=\"widget\" data-widget_type=\"heading.default\">\n\t\t\t\t<div class=\"elementor-widget-container\">\n\t\t\t<p class=\"elementor-heading-title elementor-size-default\">A digitaliza\u00e7\u00e3o da economia \u00e9 impar\u00e1vel. E o setor imobili\u00e1rio n\u00e3o pode ser alheio a esta transforma\u00e7\u00e3o que hoje em dia permite a diferencia\u00e7\u00e3o em um mercado cada vez mais concorrido e exigente. No entanto, este processo n\u00e3o vai parar e o que agora parece uma revolu\u00e7\u00e3o em poucos anos ser\u00e1 uma necessidade para manter a competitividade em \u00e1reas como:<br><br>\n\n\u2022 Efici\u00eancia, a automa\u00e7\u00e3o e redu\u00e7\u00e3o de custos<br>\n\u2022 Encorajar a inova\u00e7\u00e3o e a quebra no setor imobili\u00e1rio<br>\n\u2022 Aperfei\u00e7oamento da experi\u00eancia do usu\u00e1rio\n<\/p>\t\t<\/div>\n\t\t\t\t<\/div>\n\t\t\t\t<div class=\"elementor-element elementor-element-286776d elementor-widget elementor-widget-heading\" data-id=\"286776d\" data-element_type=\"widget\" data-widget_type=\"heading.default\">\n\t\t\t\t<div class=\"elementor-widget-container\">\n\t\t\t<h3 class=\"elementor-heading-title elementor-size-default\">Benef\u00edcios do Proptech<\/h3>\t\t<\/div>\n\t\t\t\t<\/div>\n\t\t\t\t<div class=\"elementor-element elementor-element-17e237d elementor-widget elementor-widget-heading\" data-id=\"17e237d\" data-element_type=\"widget\" data-widget_type=\"heading.default\">\n\t\t\t\t<div class=\"elementor-widget-container\">\n\t\t\t<p class=\"elementor-heading-title elementor-size-default\">Existem muitos benef\u00edcios derivados da digitaliza\u00e7\u00e3o dos processos de neg\u00f3cio no sector imobili\u00e1rio, entre os quais destacamos:<br><br>\n\u2022 Aumento da efici\u00eancia e rentabilidade<br>\n\u2022 Racionaliza\u00e7\u00e3o, digitaliza\u00e7\u00e3o e automatiza\u00e7\u00e3o de processos<br>\n\u2022 Otimiza\u00e7\u00e3o da opera\u00e7\u00e3o e gest\u00e3o de edif\u00edcios: Economia de custos e tempo<br>\n\u2022 Aumento da competitividade<br>\n\u2022 Acesso em qualquer lugar\/dispositivo<br>\n\u2022 Aumento da satisfa\u00e7\u00e3o e fidelidade dos inquilinos<br>\n\u2022 Aumento do valor dos activos<br>\n\u2022 Cumprimento de ESG\n\n\n\n<\/p>\t\t<\/div>\n\t\t\t\t<\/div>\n\t\t\t\t<\/div>\n\t\t\t\t\t<\/div>\n\t\t\t\t<\/div>\n\t\t<div class=\"elementor-element elementor-element-438849a e-flex e-con-boxed e-con e-parent\" data-id=\"438849a\" data-element_type=\"container\" data-settings=\"{&quot;content_width&quot;:&quot;boxed&quot;}\" data-core-v316-plus=\"true\">\n\t\t\t\t\t<div class=\"e-con-inner\">\n\t\t\t\t<div class=\"elementor-element elementor-element-2a33ee2 elementor-widget elementor-widget-html\" data-id=\"2a33ee2\" data-element_type=\"widget\" data-widget_type=\"html.default\">\n\t\t\t\t<div class=\"elementor-widget-container\">\n\t\t\t<style>\n    .container{\n        padding: 0;\n    margin: 0;\n    width: 100%;\n  \n    background-image: url('https:\/\/www.proptechnia.com\/wp-content\/uploads\/2024\/02\/Image_40.jpg');\n    background-size: cover; \n    background-position: center; \n    background-repeat: no-repeat;\n    }\n    \n    .breadcrumb .active {\n    color: white;\n}\n\n.breadcrumb a {\n    color: white;\n}\n.breadcrumb_container {\n    padding: 0;\n}\n.content_wrapper {\n    padding: 0px 0px 0px 0px !important;\n}\n@media only screen and (max-width: 700px) {\n\n.breadcrumb_container{\n    margin-left: 25px !important;\n}\n.elementor-element-4868d4f{\n    padding: 0 !important;\n}\n}\n<\/style>\t\t<\/div>\n\t\t\t\t<\/div>\n\t\t\t\t\t<\/div>\n\t\t\t\t<\/div>\n\t\t\t\t\t\t\t<\/div>","protected":false},"excerpt":{"rendered":"<p>\u00bfQu\u00e9 es Proptech? El t\u00e9rmino \u201cPropTech\u201d es la fusi\u00f3n de las palabras property (propiedad) y technology (tecnolog\u00eda) y hace referencia a la digitalizaci\u00f3n del sector inmobiliario. El PropTech es el resultado de la aplicaci\u00f3n de tecnolog\u00edas de vanguardia al sector inmobiliario, lo cual permite tanto el desarrollo de nuevos productos y servicios como la optimizaci\u00f3n y mejora de los ya existentes. Supone una revoluci\u00f3n &#8230;<\/p>","protected":false},"author":1,"featured_media":0,"parent":0,"menu_order":0,"comment_status":"closed","ping_status":"closed","template":"","meta":{"footnotes":""},"class_list":["post-20075","page","type-page","status-publish","hentry"],"acf":[],"yoast_head":"<!-- This site is optimized with the Yoast SEO plugin v21.9.1 - https:\/\/yoast.com\/wordpress\/plugins\/seo\/ -->\n<title>Proptech - proptechnia<\/title>\n<meta name=\"description\" content=\"PropTech es la aplicaci\u00f3n de tecnolog\u00edas de vanguardia al sector inmobiliario para el desarrollo de nuevos productos y servicios.\" \/>\n<meta name=\"robots\" content=\"index, follow, max-snippet:-1, max-image-preview:large, max-video-preview:-1\" \/>\n<link rel=\"canonical\" href=\"https:\/\/www.proptechnia.com\/pt\/proptech\/\" \/>\n<meta property=\"og:locale\" content=\"pt_PT\" \/>\n<meta property=\"og:type\" content=\"article\" \/>\n<meta property=\"og:title\" content=\"Proptech - proptechnia\" \/>\n<meta property=\"og:description\" content=\"PropTech es la aplicaci\u00f3n de tecnolog\u00edas de vanguardia al sector inmobiliario para el desarrollo de nuevos productos y servicios.\" \/>\n<meta property=\"og:url\" content=\"https:\/\/www.proptechnia.com\/pt\/proptech\/\" \/>\n<meta property=\"og:site_name\" content=\"proptechnia\" \/>\n<meta property=\"article:publisher\" content=\"https:\/\/www.facebook.com\/proptechnia\" \/>\n<meta property=\"article:modified_time\" content=\"2024-05-03T12:39:35+00:00\" \/>\n<meta name=\"twitter:card\" content=\"summary_large_image\" \/>\n<meta name=\"twitter:label1\" content=\"Tempo estimado de leitura\" \/>\n\t<meta name=\"twitter:data1\" content=\"2 minutos\" \/>\n<script type=\"application\/ld+json\" class=\"yoast-schema-graph\">{\"@context\":\"https:\/\/schema.org\",\"@graph\":[{\"@type\":\"WebPage\",\"@id\":\"https:\/\/www.proptechnia.com\/proptech\/\",\"url\":\"https:\/\/www.proptechnia.com\/proptech\/\",\"name\":\"Proptech - proptechnia\",\"isPartOf\":{\"@id\":\"https:\/\/www.proptechnia.com\/#website\"},\"datePublished\":\"2023-12-04T20:30:17+00:00\",\"dateModified\":\"2024-05-03T12:39:35+00:00\",\"description\":\"PropTech es la aplicaci\u00f3n de tecnolog\u00edas de vanguardia al sector inmobiliario para el desarrollo de nuevos productos y servicios.\",\"breadcrumb\":{\"@id\":\"https:\/\/www.proptechnia.com\/proptech\/#breadcrumb\"},\"inLanguage\":\"pt-PT\",\"potentialAction\":[{\"@type\":\"ReadAction\",\"target\":[\"https:\/\/www.proptechnia.com\/proptech\/\"]}]},{\"@type\":\"BreadcrumbList\",\"@id\":\"https:\/\/www.proptechnia.com\/proptech\/#breadcrumb\",\"itemListElement\":[{\"@type\":\"ListItem\",\"position\":1,\"name\":\"Portada\",\"item\":\"https:\/\/www.proptechnia.com\/\"},{\"@type\":\"ListItem\",\"position\":2,\"name\":\"Proptech\"}]},{\"@type\":\"WebSite\",\"@id\":\"https:\/\/www.proptechnia.com\/#website\",\"url\":\"https:\/\/www.proptechnia.com\/\",\"name\":\"residencereal.com.mialias.net\",\"description\":\"Soluciones proptech\",\"publisher\":{\"@id\":\"https:\/\/www.proptechnia.com\/#organization\"},\"potentialAction\":[{\"@type\":\"SearchAction\",\"target\":{\"@type\":\"EntryPoint\",\"urlTemplate\":\"https:\/\/www.proptechnia.com\/?s={search_term_string}\"},\"query-input\":\"required name=search_term_string\"}],\"inLanguage\":\"pt-PT\"},{\"@type\":\"Organization\",\"@id\":\"https:\/\/www.proptechnia.com\/#organization\",\"name\":\"residencereal.com.mialias.net\",\"url\":\"https:\/\/www.proptechnia.com\/\",\"logo\":{\"@type\":\"ImageObject\",\"inLanguage\":\"pt-PT\",\"@id\":\"https:\/\/www.proptechnia.com\/#\/schema\/logo\/image\/\",\"url\":\"http:\/\/www.residencereal.com.mialias.net\/wp-content\/uploads\/2023\/10\/Logo-Proptechnia-06-Name.jpg\",\"contentUrl\":\"http:\/\/www.residencereal.com.mialias.net\/wp-content\/uploads\/2023\/10\/Logo-Proptechnia-06-Name.jpg\",\"width\":1,\"height\":1,\"caption\":\"residencereal.com.mialias.net\"},\"image\":{\"@id\":\"https:\/\/www.proptechnia.com\/#\/schema\/logo\/image\/\"},\"sameAs\":[\"https:\/\/www.facebook.com\/proptechnia\",\"https:\/\/www.instagram.com\/proptechnia\"]}]}<\/script>\n<!-- \/ Yoast SEO plugin. -->","yoast_head_json":{"title":"Proptech - proptechnia","description":"PropTech es la aplicaci\u00f3n de tecnolog\u00edas de vanguardia al sector inmobiliario para el desarrollo de nuevos productos y servicios.","robots":{"index":"index","follow":"follow","max-snippet":"max-snippet:-1","max-image-preview":"max-image-preview:large","max-video-preview":"max-video-preview:-1"},"canonical":"https:\/\/www.proptechnia.com\/pt\/proptech\/","og_locale":"pt_PT","og_type":"article","og_title":"Proptech - proptechnia","og_description":"PropTech es la aplicaci\u00f3n de tecnolog\u00edas de vanguardia al sector inmobiliario para el desarrollo de nuevos productos y servicios.","og_url":"https:\/\/www.proptechnia.com\/pt\/proptech\/","og_site_name":"proptechnia","article_publisher":"https:\/\/www.facebook.com\/proptechnia","article_modified_time":"2024-05-03T12:39:35+00:00","twitter_card":"summary_large_image","twitter_misc":{"Tempo estimado de leitura":"2 minutos"},"schema":{"@context":"https:\/\/schema.org","@graph":[{"@type":"WebPage","@id":"https:\/\/www.proptechnia.com\/proptech\/","url":"https:\/\/www.proptechnia.com\/proptech\/","name":"Proptech - proptechnia","isPartOf":{"@id":"https:\/\/www.proptechnia.com\/#website"},"datePublished":"2023-12-04T20:30:17+00:00","dateModified":"2024-05-03T12:39:35+00:00","description":"PropTech es la aplicaci\u00f3n de tecnolog\u00edas de vanguardia al sector inmobiliario para el desarrollo de nuevos productos y servicios.","breadcrumb":{"@id":"https:\/\/www.proptechnia.com\/proptech\/#breadcrumb"},"inLanguage":"pt-PT","potentialAction":[{"@type":"ReadAction","target":["https:\/\/www.proptechnia.com\/proptech\/"]}]},{"@type":"BreadcrumbList","@id":"https:\/\/www.proptechnia.com\/proptech\/#breadcrumb","itemListElement":[{"@type":"ListItem","position":1,"name":"Portada","item":"https:\/\/www.proptechnia.com\/"},{"@type":"ListItem","position":2,"name":"Proptech"}]},{"@type":"WebSite","@id":"https:\/\/www.proptechnia.com\/#website","url":"https:\/\/www.proptechnia.com\/","name":"residencereal.com.mialias.net","description":"Soluciones proptech","publisher":{"@id":"https:\/\/www.proptechnia.com\/#organization"},"potentialAction":[{"@type":"SearchAction","target":{"@type":"EntryPoint","urlTemplate":"https:\/\/www.proptechnia.com\/?s={search_term_string}"},"query-input":"required name=search_term_string"}],"inLanguage":"pt-PT"},{"@type":"Organization","@id":"https:\/\/www.proptechnia.com\/#organization","name":"residencereal.com.mialias.net","url":"https:\/\/www.proptechnia.com\/","logo":{"@type":"ImageObject","inLanguage":"pt-PT","@id":"https:\/\/www.proptechnia.com\/#\/schema\/logo\/image\/","url":"http:\/\/www.residencereal.com.mialias.net\/wp-content\/uploads\/2023\/10\/Logo-Proptechnia-06-Name.jpg","contentUrl":"http:\/\/www.residencereal.com.mialias.net\/wp-content\/uploads\/2023\/10\/Logo-Proptechnia-06-Name.jpg","width":1,"height":1,"caption":"residencereal.com.mialias.net"},"image":{"@id":"https:\/\/www.proptechnia.com\/#\/schema\/logo\/image\/"},"sameAs":["https:\/\/www.facebook.com\/proptechnia","https:\/\/www.instagram.com\/proptechnia"]}]}},"_links":{"self":[{"href":"https:\/\/www.proptechnia.com\/pt\/wp-json\/wp\/v2\/pages\/20075","targetHints":{"allow":["GET"]}}],"collection":[{"href":"https:\/\/www.proptechnia.com\/pt\/wp-json\/wp\/v2\/pages"}],"about":[{"href":"https:\/\/www.proptechnia.com\/pt\/wp-json\/wp\/v2\/types\/page"}],"author":[{"embeddable":true,"href":"https:\/\/www.proptechnia.com\/pt\/wp-json\/wp\/v2\/users\/1"}],"replies":[{"embeddable":true,"href":"https:\/\/www.proptechnia.com\/pt\/wp-json\/wp\/v2\/comments?post=20075"}],"version-history":[{"count":74,"href":"https:\/\/www.proptechnia.com\/pt\/wp-json\/wp\/v2\/pages\/20075\/revisions"}],"predecessor-version":[{"id":22881,"href":"https:\/\/www.proptechnia.com\/pt\/wp-json\/wp\/v2\/pages\/20075\/revisions\/22881"}],"wp:attachment":[{"href":"https:\/\/www.proptechnia.com\/pt\/wp-json\/wp\/v2\/media?parent=20075"}],"curies":[{"name":"wp","href":"https:\/\/api.w.org\/{rel}","templated":true}]}}