{"id":20018,"date":"2023-12-01T10:13:52","date_gmt":"2023-12-01T09:13:52","guid":{"rendered":"http:\/\/www.residencereal.com.mialias.net\/?page_id=20018"},"modified":"2023-12-01T10:34:39","modified_gmt":"2023-12-01T09:34:39","slug":"invertir-en-proptech","status":"publish","type":"page","link":"https:\/\/www.proptechnia.com\/pt\/invertir-en-proptech\/","title":{"rendered":"Invertir en Proptech"},"content":{"rendered":"<div data-elementor-type=\"wp-page\" data-elementor-id=\"20018\" class=\"elementor elementor-20018\" data-elementor-post-type=\"page\">\n\t\t\t\t\t\t\t<div class=\"elementor-element elementor-element-ffbc4c7 e-flex e-con-boxed e-con e-parent\" data-id=\"ffbc4c7\" data-element_type=\"container\" data-settings=\"{&quot;content_width&quot;:&quot;boxed&quot;}\" data-core-v316-plus=\"true\">\n\t\t\t\t\t<div class=\"e-con-inner\">\n\t\t<div class=\"elementor-element elementor-element-fb3c32a e-con-full e-flex e-con e-child\" data-id=\"fb3c32a\" data-element_type=\"container\" data-settings=\"{&quot;content_width&quot;:&quot;full&quot;}\">\n\t\t\t\t<div class=\"elementor-element elementor-element-ae3302c elementor-widget elementor-widget-image\" data-id=\"ae3302c\" data-element_type=\"widget\" data-widget_type=\"image.default\">\n\t\t\t\t<div class=\"elementor-widget-container\">\n\t\t\t<style>\/*! elementor - v3.16.0 - 20-09-2023 *\/\n.elementor-widget-image{text-align:center}.elementor-widget-image a{display:inline-block}.elementor-widget-image a img[src$=\".svg\"]{width:48px}.elementor-widget-image img{vertical-align:middle;display:inline-block}<\/style>\t\t\t\t\t\t\t\t\t\t\t\t<img loading=\"lazy\" decoding=\"async\" width=\"1024\" height=\"556\" src=\"https:\/\/www.proptechnia.com\/wp-content\/uploads\/2023\/10\/beneficios_proptech_res.png\" class=\"attachment-1536x1536 size-1536x1536 wp-image-19475\" alt=\"PropTech\" srcset=\"https:\/\/www.proptechnia.com\/wp-content\/uploads\/2023\/10\/beneficios_proptech_res.png 1024w, https:\/\/www.proptechnia.com\/wp-content\/uploads\/2023\/10\/beneficios_proptech_res-300x163.png 300w, https:\/\/www.proptechnia.com\/wp-content\/uploads\/2023\/10\/beneficios_proptech_res-768x417.png 768w\" sizes=\"auto, (max-width: 1024px) 100vw, 1024px\" \/>\t\t\t\t\t\t\t\t\t\t\t\t\t\t\t<\/div>\n\t\t\t\t<\/div>\n\t\t\t\t<div class=\"elementor-element elementor-element-d2c6511 elementor-widget elementor-widget-text-editor\" data-id=\"d2c6511\" data-element_type=\"widget\" data-widget_type=\"text-editor.default\">\n\t\t\t\t<div class=\"elementor-widget-container\">\n\t\t\t<style>\/*! elementor - v3.16.0 - 20-09-2023 *\/\n.elementor-widget-text-editor.elementor-drop-cap-view-stacked .elementor-drop-cap{background-color:#69727d;color:#fff}.elementor-widget-text-editor.elementor-drop-cap-view-framed .elementor-drop-cap{color:#69727d;border:3px solid;background-color:transparent}.elementor-widget-text-editor:not(.elementor-drop-cap-view-default) .elementor-drop-cap{margin-top:8px}.elementor-widget-text-editor:not(.elementor-drop-cap-view-default) .elementor-drop-cap-letter{width:1em;height:1em}.elementor-widget-text-editor .elementor-drop-cap{float:left;text-align:center;line-height:1;font-size:50px}.elementor-widget-text-editor .elementor-drop-cap-letter{display:inline-block}<\/style>\t\t\t\t<p>La integraci\u00f3n de dispositivos inteligentes en nuestras vidas est\u00e1 aumentando exponencialmente. La aplicaci\u00f3n de la tecnolog\u00eda digital al sector inmobiliario robustece los procesos, incrementa la productividad y mejora la experiencia de usuario.<\/p>\t\t\t\t\t\t<\/div>\n\t\t\t\t<\/div>\n\t\t\t\t<\/div>\n\t\t<div class=\"elementor-element elementor-element-8e47871 e-con-full e-flex e-con e-child\" data-id=\"8e47871\" data-element_type=\"container\" data-settings=\"{&quot;content_width&quot;:&quot;full&quot;}\">\n\t\t\t\t<div class=\"elementor-element elementor-element-6db2ea7 elementor-widget elementor-widget-heading\" data-id=\"6db2ea7\" data-element_type=\"widget\" data-widget_type=\"heading.default\">\n\t\t\t\t<div class=\"elementor-widget-container\">\n\t\t\t<style>\/*! elementor - v3.16.0 - 20-09-2023 *\/\n.elementor-heading-title{padding:0;margin:0;line-height:1}.elementor-widget-heading .elementor-heading-title[class*=elementor-size-]>a{color:inherit;font-size:inherit;line-height:inherit}.elementor-widget-heading .elementor-heading-title.elementor-size-small{font-size:15px}.elementor-widget-heading .elementor-heading-title.elementor-size-medium{font-size:19px}.elementor-widget-heading .elementor-heading-title.elementor-size-large{font-size:29px}.elementor-widget-heading .elementor-heading-title.elementor-size-xl{font-size:39px}.elementor-widget-heading .elementor-heading-title.elementor-size-xxl{font-size:59px}<\/style><h2 class=\"elementor-heading-title elementor-size-default\">\u00bfPor qu\u00e9 invertir en Proptech?<\/h2>\t\t<\/div>\n\t\t\t\t<\/div>\n\t\t\t\t<div class=\"elementor-element elementor-element-81d37ae elementor-widget elementor-widget-text-editor\" data-id=\"81d37ae\" data-element_type=\"widget\" data-widget_type=\"text-editor.default\">\n\t\t\t\t<div class=\"elementor-widget-container\">\n\t\t\t\t\t\t\t<ol>\n<li>Eficiencia, automatizaci\u00f3n y reducci\u00f3n de costes<\/li>\n<li>Impulso a la innovaci\u00f3n y la disrupci\u00f3n en el sector inmobiliario<\/li>\n<li>Mejora de la experiencia del usuario<\/li>\n<\/ol>\t\t\t\t\t\t<\/div>\n\t\t\t\t<\/div>\n\t\t\t\t<div class=\"elementor-element elementor-element-93323e4 elementor-widget elementor-widget-heading\" data-id=\"93323e4\" data-element_type=\"widget\" data-widget_type=\"heading.default\">\n\t\t\t\t<div class=\"elementor-widget-container\">\n\t\t\t<h2 class=\"elementor-heading-title elementor-size-default\">Benef\u00edcios do Proptech<\/h2>\t\t<\/div>\n\t\t\t\t<\/div>\n\t\t\t\t<div class=\"elementor-element elementor-element-c14c39a elementor-widget elementor-widget-text-editor\" data-id=\"c14c39a\" data-element_type=\"widget\" data-widget_type=\"text-editor.default\">\n\t\t\t\t<div class=\"elementor-widget-container\">\n\t\t\t\t\t\t\t<p>Existen muchos beneficios derivados de la digitlizaci\u00f3n de los procesos de negocio del sector inmobiliario, entre los cuales destacamos:<\/p><ul><li>\u00a0Ahorro de costes y tiempo<\/li><li>Incremento de la eficiencia y rentabilidad<\/li><li>Racionalizaci\u00f3n, digitalizaci\u00f3n y automatizaci\u00f3n de procesos<\/li><li>Incremento de la competitividad<\/li><li>Acceso desde cualquier lugar\/dispositivo<\/li><li>Incremento del valor de los activos<\/li><li>Optimizaci\u00f3n de la operaci\u00f3n y gesti\u00f3n de los edificios<\/li><li>Incremento de la satisfacci\u00f3n y fidelidad de los inquilinos<\/li><li>Incremento del valor de los activos<\/li><\/ul>\t\t\t\t\t\t<\/div>\n\t\t\t\t<\/div>\n\t\t\t\t<\/div>\n\t\t\t\t\t<\/div>\n\t\t\t\t<\/div>\n\t\t\t\t\t\t\t<\/div>","protected":false},"excerpt":{"rendered":"<p>La integraci\u00f3n de dispositivos inteligentes en nuestras vidas est\u00e1 aumentando exponencialmente. La aplicaci\u00f3n de la tecnolog\u00eda digital al sector inmobiliario robustece los procesos, incrementa la productividad y mejora la experiencia de usuario. \u00bfPor qu\u00e9 invertir en Proptech? Eficiencia, automatizaci\u00f3n y reducci\u00f3n de costes Impulso a la innovaci\u00f3n y la disrupci\u00f3n en el sector inmobiliario Mejora de la experiencia del usuario Beneficios del Proptech Existen &#8230;<\/p>","protected":false},"author":1,"featured_media":0,"parent":0,"menu_order":0,"comment_status":"closed","ping_status":"closed","template":"","meta":{"footnotes":""},"class_list":["post-20018","page","type-page","status-publish","hentry"],"acf":[],"yoast_head":"<!-- This site is optimized with the Yoast SEO plugin v21.9.1 - https:\/\/yoast.com\/wordpress\/plugins\/seo\/ -->\n<title>Invertir en Proptech - proptechnia<\/title>\n<meta name=\"robots\" content=\"index, follow, max-snippet:-1, max-image-preview:large, max-video-preview:-1\" \/>\n<link rel=\"canonical\" href=\"https:\/\/www.proptechnia.com\/pt\/invertir-en-proptech\/\" \/>\n<meta property=\"og:locale\" content=\"pt_PT\" \/>\n<meta property=\"og:type\" content=\"article\" \/>\n<meta property=\"og:title\" content=\"Invertir en Proptech - proptechnia\" \/>\n<meta property=\"og:description\" content=\"La integraci\u00f3n de dispositivos inteligentes en nuestras vidas est\u00e1 aumentando exponencialmente. La aplicaci\u00f3n de la tecnolog\u00eda digital al sector inmobiliario robustece los procesos, incrementa la productividad y mejora la experiencia de usuario. \u00bfPor qu\u00e9 invertir en Proptech? Eficiencia, automatizaci\u00f3n y reducci\u00f3n de costes Impulso a la innovaci\u00f3n y la disrupci\u00f3n en el sector inmobiliario Mejora de la experiencia del usuario Beneficios del Proptech Existen ...\" \/>\n<meta property=\"og:url\" content=\"https:\/\/www.proptechnia.com\/pt\/invertir-en-proptech\/\" \/>\n<meta property=\"og:site_name\" content=\"proptechnia\" \/>\n<meta property=\"article:publisher\" content=\"https:\/\/www.facebook.com\/proptechnia\" \/>\n<meta property=\"article:modified_time\" content=\"2023-12-01T09:34:39+00:00\" \/>\n<meta property=\"og:image\" content=\"http:\/\/www.residencereal.com.mialias.net\/wp-content\/uploads\/2023\/10\/beneficios_proptech_res.png\" \/>\n<meta name=\"twitter:card\" content=\"summary_large_image\" \/>\n<meta name=\"twitter:label1\" content=\"Tempo estimado de leitura\" \/>\n\t<meta name=\"twitter:data1\" content=\"1 minuto\" \/>\n<script type=\"application\/ld+json\" class=\"yoast-schema-graph\">{\"@context\":\"https:\/\/schema.org\",\"@graph\":[{\"@type\":\"WebPage\",\"@id\":\"https:\/\/www.proptechnia.com\/invertir-en-proptech\/\",\"url\":\"https:\/\/www.proptechnia.com\/invertir-en-proptech\/\",\"name\":\"Invertir en Proptech - proptechnia\",\"isPartOf\":{\"@id\":\"https:\/\/www.proptechnia.com\/#website\"},\"datePublished\":\"2023-12-01T09:13:52+00:00\",\"dateModified\":\"2023-12-01T09:34:39+00:00\",\"breadcrumb\":{\"@id\":\"https:\/\/www.proptechnia.com\/invertir-en-proptech\/#breadcrumb\"},\"inLanguage\":\"pt-PT\",\"potentialAction\":[{\"@type\":\"ReadAction\",\"target\":[\"https:\/\/www.proptechnia.com\/invertir-en-proptech\/\"]}]},{\"@type\":\"BreadcrumbList\",\"@id\":\"https:\/\/www.proptechnia.com\/invertir-en-proptech\/#breadcrumb\",\"itemListElement\":[{\"@type\":\"ListItem\",\"position\":1,\"name\":\"Portada\",\"item\":\"https:\/\/www.proptechnia.com\/\"},{\"@type\":\"ListItem\",\"position\":2,\"name\":\"Invertir en Proptech\"}]},{\"@type\":\"WebSite\",\"@id\":\"https:\/\/www.proptechnia.com\/#website\",\"url\":\"https:\/\/www.proptechnia.com\/\",\"name\":\"residencereal.com.mialias.net\",\"description\":\"Soluciones proptech\",\"publisher\":{\"@id\":\"https:\/\/www.proptechnia.com\/#organization\"},\"potentialAction\":[{\"@type\":\"SearchAction\",\"target\":{\"@type\":\"EntryPoint\",\"urlTemplate\":\"https:\/\/www.proptechnia.com\/?s={search_term_string}\"},\"query-input\":\"required name=search_term_string\"}],\"inLanguage\":\"pt-PT\"},{\"@type\":\"Organization\",\"@id\":\"https:\/\/www.proptechnia.com\/#organization\",\"name\":\"residencereal.com.mialias.net\",\"url\":\"https:\/\/www.proptechnia.com\/\",\"logo\":{\"@type\":\"ImageObject\",\"inLanguage\":\"pt-PT\",\"@id\":\"https:\/\/www.proptechnia.com\/#\/schema\/logo\/image\/\",\"url\":\"http:\/\/www.residencereal.com.mialias.net\/wp-content\/uploads\/2023\/10\/Logo-Proptechnia-06-Name.jpg\",\"contentUrl\":\"http:\/\/www.residencereal.com.mialias.net\/wp-content\/uploads\/2023\/10\/Logo-Proptechnia-06-Name.jpg\",\"width\":1,\"height\":1,\"caption\":\"residencereal.com.mialias.net\"},\"image\":{\"@id\":\"https:\/\/www.proptechnia.com\/#\/schema\/logo\/image\/\"},\"sameAs\":[\"https:\/\/www.facebook.com\/proptechnia\",\"https:\/\/www.instagram.com\/proptechnia\"]}]}<\/script>\n<!-- \/ Yoast SEO plugin. -->","yoast_head_json":{"title":"Invertir en Proptech - proptechnia","robots":{"index":"index","follow":"follow","max-snippet":"max-snippet:-1","max-image-preview":"max-image-preview:large","max-video-preview":"max-video-preview:-1"},"canonical":"https:\/\/www.proptechnia.com\/pt\/invertir-en-proptech\/","og_locale":"pt_PT","og_type":"article","og_title":"Invertir en Proptech - proptechnia","og_description":"La integraci\u00f3n de dispositivos inteligentes en nuestras vidas est\u00e1 aumentando exponencialmente. La aplicaci\u00f3n de la tecnolog\u00eda digital al sector inmobiliario robustece los procesos, incrementa la productividad y mejora la experiencia de usuario. \u00bfPor qu\u00e9 invertir en Proptech? Eficiencia, automatizaci\u00f3n y reducci\u00f3n de costes Impulso a la innovaci\u00f3n y la disrupci\u00f3n en el sector inmobiliario Mejora de la experiencia del usuario Beneficios del Proptech Existen ...","og_url":"https:\/\/www.proptechnia.com\/pt\/invertir-en-proptech\/","og_site_name":"proptechnia","article_publisher":"https:\/\/www.facebook.com\/proptechnia","article_modified_time":"2023-12-01T09:34:39+00:00","og_image":[{"url":"http:\/\/www.residencereal.com.mialias.net\/wp-content\/uploads\/2023\/10\/beneficios_proptech_res.png"}],"twitter_card":"summary_large_image","twitter_misc":{"Tempo estimado de leitura":"1 minuto"},"schema":{"@context":"https:\/\/schema.org","@graph":[{"@type":"WebPage","@id":"https:\/\/www.proptechnia.com\/invertir-en-proptech\/","url":"https:\/\/www.proptechnia.com\/invertir-en-proptech\/","name":"Invertir en Proptech - proptechnia","isPartOf":{"@id":"https:\/\/www.proptechnia.com\/#website"},"datePublished":"2023-12-01T09:13:52+00:00","dateModified":"2023-12-01T09:34:39+00:00","breadcrumb":{"@id":"https:\/\/www.proptechnia.com\/invertir-en-proptech\/#breadcrumb"},"inLanguage":"pt-PT","potentialAction":[{"@type":"ReadAction","target":["https:\/\/www.proptechnia.com\/invertir-en-proptech\/"]}]},{"@type":"BreadcrumbList","@id":"https:\/\/www.proptechnia.com\/invertir-en-proptech\/#breadcrumb","itemListElement":[{"@type":"ListItem","position":1,"name":"Portada","item":"https:\/\/www.proptechnia.com\/"},{"@type":"ListItem","position":2,"name":"Invertir en Proptech"}]},{"@type":"WebSite","@id":"https:\/\/www.proptechnia.com\/#website","url":"https:\/\/www.proptechnia.com\/","name":"residencereal.com.mialias.net","description":"Soluciones proptech","publisher":{"@id":"https:\/\/www.proptechnia.com\/#organization"},"potentialAction":[{"@type":"SearchAction","target":{"@type":"EntryPoint","urlTemplate":"https:\/\/www.proptechnia.com\/?s={search_term_string}"},"query-input":"required name=search_term_string"}],"inLanguage":"pt-PT"},{"@type":"Organization","@id":"https:\/\/www.proptechnia.com\/#organization","name":"residencereal.com.mialias.net","url":"https:\/\/www.proptechnia.com\/","logo":{"@type":"ImageObject","inLanguage":"pt-PT","@id":"https:\/\/www.proptechnia.com\/#\/schema\/logo\/image\/","url":"http:\/\/www.residencereal.com.mialias.net\/wp-content\/uploads\/2023\/10\/Logo-Proptechnia-06-Name.jpg","contentUrl":"http:\/\/www.residencereal.com.mialias.net\/wp-content\/uploads\/2023\/10\/Logo-Proptechnia-06-Name.jpg","width":1,"height":1,"caption":"residencereal.com.mialias.net"},"image":{"@id":"https:\/\/www.proptechnia.com\/#\/schema\/logo\/image\/"},"sameAs":["https:\/\/www.facebook.com\/proptechnia","https:\/\/www.instagram.com\/proptechnia"]}]}},"_links":{"self":[{"href":"https:\/\/www.proptechnia.com\/pt\/wp-json\/wp\/v2\/pages\/20018","targetHints":{"allow":["GET"]}}],"collection":[{"href":"https:\/\/www.proptechnia.com\/pt\/wp-json\/wp\/v2\/pages"}],"about":[{"href":"https:\/\/www.proptechnia.com\/pt\/wp-json\/wp\/v2\/types\/page"}],"author":[{"embeddable":true,"href":"https:\/\/www.proptechnia.com\/pt\/wp-json\/wp\/v2\/users\/1"}],"replies":[{"embeddable":true,"href":"https:\/\/www.proptechnia.com\/pt\/wp-json\/wp\/v2\/comments?post=20018"}],"version-history":[{"count":10,"href":"https:\/\/www.proptechnia.com\/pt\/wp-json\/wp\/v2\/pages\/20018\/revisions"}],"predecessor-version":[{"id":20042,"href":"https:\/\/www.proptechnia.com\/pt\/wp-json\/wp\/v2\/pages\/20018\/revisions\/20042"}],"wp:attachment":[{"href":"https:\/\/www.proptechnia.com\/pt\/wp-json\/wp\/v2\/media?parent=20018"}],"curies":[{"name":"wp","href":"https:\/\/api.w.org\/{rel}","templated":true}]}}