{"id":19820,"date":"2023-10-19T21:36:00","date_gmt":"2023-10-19T19:36:00","guid":{"rendered":"http:\/\/www.residencereal.com.mialias.net\/?page_id=19820"},"modified":"2024-04-14T18:13:37","modified_gmt":"2024-04-14T16:13:37","slug":"partners","status":"publish","type":"page","link":"https:\/\/www.proptechnia.com\/pt\/partners\/","title":{"rendered":"Partners"},"content":{"rendered":"<div data-elementor-type=\"wp-page\" data-elementor-id=\"19820\" class=\"elementor elementor-19820\" data-elementor-post-type=\"page\">\n\t\t\t\t\t\t\t<div class=\"elementor-element elementor-element-464942c e-flex e-con-boxed e-con e-parent\" data-id=\"464942c\" data-element_type=\"container\" data-settings=\"{&quot;content_width&quot;:&quot;boxed&quot;}\" data-core-v316-plus=\"true\">\n\t\t\t\t\t<div class=\"e-con-inner\">\n\t\t<div class=\"elementor-element elementor-element-08e2059 e-con-full e-flex e-con e-child\" data-id=\"08e2059\" data-element_type=\"container\" data-settings=\"{&quot;content_width&quot;:&quot;full&quot;}\">\n\t\t\t\t<div class=\"elementor-element elementor-element-342694f elementor-widget elementor-widget-heading\" data-id=\"342694f\" data-element_type=\"widget\" data-widget_type=\"heading.default\">\n\t\t\t\t<div class=\"elementor-widget-container\">\n\t\t\t<style>\/*! elementor - v3.16.0 - 20-09-2023 *\/\n.elementor-heading-title{padding:0;margin:0;line-height:1}.elementor-widget-heading .elementor-heading-title[class*=elementor-size-]>a{color:inherit;font-size:inherit;line-height:inherit}.elementor-widget-heading .elementor-heading-title.elementor-size-small{font-size:15px}.elementor-widget-heading .elementor-heading-title.elementor-size-medium{font-size:19px}.elementor-widget-heading .elementor-heading-title.elementor-size-large{font-size:29px}.elementor-widget-heading .elementor-heading-title.elementor-size-xl{font-size:39px}.elementor-widget-heading .elementor-heading-title.elementor-size-xxl{font-size:59px}<\/style><h3 class=\"elementor-heading-title elementor-size-default\">Partners<\/h3>\t\t<\/div>\n\t\t\t\t<\/div>\n\t\t\t\t<div class=\"elementor-element elementor-element-c781550 elementor-widget elementor-widget-heading\" data-id=\"c781550\" data-element_type=\"widget\" data-widget_type=\"heading.default\">\n\t\t\t\t<div class=\"elementor-widget-container\">\n\t\t\t<p class=\"elementor-heading-title elementor-size-default\"><br>Voc\u00ea Est\u00e1 interessado em se tornar um parceiro de proptechnia? <br><br>\n\nEm proptechnia estamos abertos a receber novos parceiros com solu\u00e7\u00f5es robustas e inteligentes que aumentem o valor para a gest\u00e3o imobili\u00e1ria, em suas m\u00faltiplas facetas.<br><br>\nTornando-se parceiro de proptechnia sua solu\u00e7\u00e3o poder\u00e1 beneficiar de um acesso e uma distribui\u00e7\u00e3o privilegiada ao mercado da comunidade imobili\u00e1ria de Espanha, Portugal e Andorra, permitindo fazer crescer o seu neg\u00f3cio.<br><br>\nSe est\u00e1 interessado em se tornar um parceiro de proptechnia, por favor, n\u00e3o hesite em contactar-nos. Teremos o maior prazer em receb\u00ea-lo e abrir-lhe um mundo de possibilidades no ecossistema proptech da pen\u00ednsula ib\u00e9rica.<\/p>\t\t<\/div>\n\t\t\t\t<\/div>\n\t\t<div class=\"elementor-element elementor-element-2fc5edf e-con-full e-flex e-con e-child\" data-id=\"2fc5edf\" data-element_type=\"container\" data-settings=\"{&quot;content_width&quot;:&quot;full&quot;}\">\n\t\t\t\t<div class=\"elementor-element elementor-element-431bb9f elementor-button-align-start elementor-widget elementor-widget-form\" data-id=\"431bb9f\" data-element_type=\"widget\" data-settings=\"{&quot;step_next_label&quot;:&quot;Next&quot;,&quot;step_previous_label&quot;:&quot;Previous&quot;,&quot;step_type&quot;:&quot;number_text&quot;,&quot;step_icon_shape&quot;:&quot;circle&quot;}\" data-widget_type=\"form.default\">\n\t\t\t\t<div class=\"elementor-widget-container\">\n\t\t\t<style>\/*! pro-elements - v3.15.0 - 09-08-2023 *\/\n.elementor-button.elementor-hidden,.elementor-hidden{display:none}.e-form__step{width:100%}.e-form__step:not(.elementor-hidden){display:flex;flex-wrap:wrap}.e-form__buttons{flex-wrap:wrap}.e-form__buttons,.e-form__buttons__wrapper{display:flex}.e-form__indicators{display:flex;justify-content:space-between;align-items:center;flex-wrap:nowrap;font-size:13px;margin-bottom:var(--e-form-steps-indicators-spacing)}.e-form__indicators__indicator{display:flex;flex-direction:column;align-items:center;justify-content:center;flex-basis:0;padding:0 var(--e-form-steps-divider-gap)}.e-form__indicators__indicator__progress{width:100%;position:relative;background-color:var(--e-form-steps-indicator-progress-background-color);border-radius:var(--e-form-steps-indicator-progress-border-radius);overflow:hidden}.e-form__indicators__indicator__progress__meter{width:var(--e-form-steps-indicator-progress-meter-width,0);height:var(--e-form-steps-indicator-progress-height);line-height:var(--e-form-steps-indicator-progress-height);padding-right:15px;border-radius:var(--e-form-steps-indicator-progress-border-radius);background-color:var(--e-form-steps-indicator-progress-color);color:var(--e-form-steps-indicator-progress-meter-color);text-align:right;transition:width .1s linear}.e-form__indicators__indicator:first-child{padding-left:0}.e-form__indicators__indicator:last-child{padding-right:0}.e-form__indicators__indicator--state-inactive{color:var(--e-form-steps-indicator-inactive-primary-color,#c2cbd2)}.e-form__indicators__indicator--state-inactive [class*=indicator--shape-]:not(.e-form__indicators__indicator--shape-none){background-color:var(--e-form-steps-indicator-inactive-secondary-color,#fff)}.e-form__indicators__indicator--state-inactive object,.e-form__indicators__indicator--state-inactive svg{fill:var(--e-form-steps-indicator-inactive-primary-color,#c2cbd2)}.e-form__indicators__indicator--state-active{color:var(--e-form-steps-indicator-active-primary-color,#39b54a);border-color:var(--e-form-steps-indicator-active-secondary-color,#fff)}.e-form__indicators__indicator--state-active [class*=indicator--shape-]:not(.e-form__indicators__indicator--shape-none){background-color:var(--e-form-steps-indicator-active-secondary-color,#fff)}.e-form__indicators__indicator--state-active object,.e-form__indicators__indicator--state-active svg{fill:var(--e-form-steps-indicator-active-primary-color,#39b54a)}.e-form__indicators__indicator--state-completed{color:var(--e-form-steps-indicator-completed-secondary-color,#fff)}.e-form__indicators__indicator--state-completed [class*=indicator--shape-]:not(.e-form__indicators__indicator--shape-none){background-color:var(--e-form-steps-indicator-completed-primary-color,#39b54a)}.e-form__indicators__indicator--state-completed .e-form__indicators__indicator__label{color:var(--e-form-steps-indicator-completed-primary-color,#39b54a)}.e-form__indicators__indicator--state-completed .e-form__indicators__indicator--shape-none{color:var(--e-form-steps-indicator-completed-primary-color,#39b54a);background-color:initial}.e-form__indicators__indicator--state-completed object,.e-form__indicators__indicator--state-completed svg{fill:var(--e-form-steps-indicator-completed-secondary-color,#fff)}.e-form__indicators__indicator__icon{width:var(--e-form-steps-indicator-padding,30px);height:var(--e-form-steps-indicator-padding,30px);font-size:var(--e-form-steps-indicator-icon-size);border-width:1px;border-style:solid;display:flex;justify-content:center;align-items:center;overflow:hidden;margin-bottom:10px}.e-form__indicators__indicator__icon img,.e-form__indicators__indicator__icon object,.e-form__indicators__indicator__icon svg{width:var(--e-form-steps-indicator-icon-size);height:auto}.e-form__indicators__indicator__icon .e-font-icon-svg{height:1em}.e-form__indicators__indicator__number{width:var(--e-form-steps-indicator-padding,30px);height:var(--e-form-steps-indicator-padding,30px);border-width:1px;border-style:solid;display:flex;justify-content:center;align-items:center;margin-bottom:10px}.e-form__indicators__indicator--shape-circle{border-radius:50%}.e-form__indicators__indicator--shape-square{border-radius:0}.e-form__indicators__indicator--shape-rounded{border-radius:5px}.e-form__indicators__indicator--shape-none{border:0}.e-form__indicators__indicator__label{text-align:center}.e-form__indicators__indicator__separator{width:100%;height:var(--e-form-steps-divider-width);background-color:#babfc5}.e-form__indicators--type-icon,.e-form__indicators--type-icon_text,.e-form__indicators--type-number,.e-form__indicators--type-number_text{align-items:flex-start}.e-form__indicators--type-icon .e-form__indicators__indicator__separator,.e-form__indicators--type-icon_text .e-form__indicators__indicator__separator,.e-form__indicators--type-number .e-form__indicators__indicator__separator,.e-form__indicators--type-number_text .e-form__indicators__indicator__separator{margin-top:calc(var(--e-form-steps-indicator-padding, 30px) \/ 2 - var(--e-form-steps-divider-width, 1px) \/ 2)}.elementor-field-type-hidden{display:none}.elementor-field-type-html{display:inline-block}.elementor-login .elementor-lost-password,.elementor-login .elementor-remember-me{font-size:.85em}.elementor-field-type-recaptcha_v3 .elementor-field-label{display:none}.elementor-field-type-recaptcha_v3 .grecaptcha-badge{z-index:1}.elementor-button .elementor-form-spinner{order:3}.elementor-form .elementor-button>span{display:flex;justify-content:center;align-items:center}.elementor-form .elementor-button .elementor-button-text{white-space:normal;flex-grow:0}.elementor-form .elementor-button svg{height:auto}.elementor-form .elementor-button .e-font-icon-svg{height:1em}.elementor-select-wrapper .select-caret-down-wrapper{position:absolute;top:50%;transform:translateY(-50%);inset-inline-end:10px;pointer-events:none;font-size:11px}.elementor-select-wrapper .select-caret-down-wrapper svg{display:unset;width:1em;aspect-ratio:unset;fill:currentColor}.elementor-select-wrapper .select-caret-down-wrapper i{font-size:19px;line-height:2}.elementor-select-wrapper.remove-before:before{content:\"\"!important}<\/style>\t\t<form class=\"elementor-form\" method=\"post\" name=\"Formulario Contacto\" action=\"\">\n\t\t\t<input type=\"hidden\" name=\"post_id\" value=\"19820\"\/>\n\t\t\t<input type=\"hidden\" name=\"form_id\" value=\"431bb9f\"\/>\n\t\t\t<input type=\"hidden\" name=\"referer_title\" value=\"proptechnia\" \/>\n\n\t\t\t\n\t\t\t<div class=\"elementor-form-fields-wrapper elementor-labels-above\">\n\t\t\t\t\t\t\t\t<div class=\"elementor-field-type-text elementor-field-group elementor-column elementor-field-group-name elementor-col-40 elementor-field-required\">\n\t\t\t\t\t\t\t\t\t\t\t\t<label for=\"form-field-name\" class=\"elementor-field-label\">\n\t\t\t\t\t\t\t\tNOME (*)\t\t\t\t\t\t\t<\/label>\n\t\t\t\t\t\t\t\t\t\t\t\t\t\t<input size=\"1\" type=\"text\" name=\"form_fields[name]\" id=\"form-field-name\" class=\"elementor-field elementor-size-xs  elementor-field-textual\" required=\"required\" aria-required=\"true\">\n\t\t\t\t\t\t\t\t\t\t\t<\/div>\n\t\t\t\t\t\t\t\t<div class=\"elementor-field-type-text elementor-field-group elementor-column elementor-field-group-field_c5584ad elementor-col-60 elementor-field-required\">\n\t\t\t\t\t\t\t\t\t\t\t\t<label for=\"form-field-field_c5584ad\" class=\"elementor-field-label\">\n\t\t\t\t\t\t\t\tSOBRENOME (*)\t\t\t\t\t\t\t<\/label>\n\t\t\t\t\t\t\t\t\t\t\t\t\t\t<input size=\"1\" type=\"text\" name=\"form_fields[field_c5584ad]\" id=\"form-field-field_c5584ad\" class=\"elementor-field elementor-size-xs  elementor-field-textual\" required=\"required\" aria-required=\"true\">\n\t\t\t\t\t\t\t\t\t\t\t<\/div>\n\t\t\t\t\t\t\t\t<div class=\"elementor-field-type-text elementor-field-group elementor-column elementor-field-group-field_f9db145 elementor-col-100 elementor-field-required\">\n\t\t\t\t\t\t\t\t\t\t\t\t<label for=\"form-field-field_f9db145\" class=\"elementor-field-label\">\n\t\t\t\t\t\t\t\tEMPRESA (*)\t\t\t\t\t\t\t<\/label>\n\t\t\t\t\t\t\t\t\t\t\t\t\t\t<input size=\"1\" type=\"text\" name=\"form_fields[field_f9db145]\" id=\"form-field-field_f9db145\" class=\"elementor-field elementor-size-xs  elementor-field-textual\" required=\"required\" aria-required=\"true\">\n\t\t\t\t\t\t\t\t\t\t\t<\/div>\n\t\t\t\t\t\t\t\t<div class=\"elementor-field-type-email elementor-field-group elementor-column elementor-field-group-email elementor-col-50 elementor-field-required\">\n\t\t\t\t\t\t\t\t\t\t\t\t<label for=\"form-field-email\" class=\"elementor-field-label\">\n\t\t\t\t\t\t\t\tE-MAIL (*)\t\t\t\t\t\t\t<\/label>\n\t\t\t\t\t\t\t\t\t\t\t\t\t\t<input size=\"1\" type=\"email\" name=\"form_fields[email]\" id=\"form-field-email\" class=\"elementor-field elementor-size-xs  elementor-field-textual\" required=\"required\" aria-required=\"true\">\n\t\t\t\t\t\t\t\t\t\t\t<\/div>\n\t\t\t\t\t\t\t\t<div class=\"elementor-field-type-tel elementor-field-group elementor-column elementor-field-group-field_7359728 elementor-col-50 elementor-field-required\">\n\t\t\t\t\t\t\t\t\t\t\t\t<label for=\"form-field-field_7359728\" class=\"elementor-field-label\">\n\t\t\t\t\t\t\t\tTELEFONE (*)\t\t\t\t\t\t\t<\/label>\n\t\t\t\t\t\t\t\t<input size=\"1\" type=\"tel\" name=\"form_fields[field_7359728]\" id=\"form-field-field_7359728\" class=\"elementor-field elementor-size-xs  elementor-field-textual\" required=\"required\" aria-required=\"true\" pattern=\"[0-9()#&amp;+*-=.]+\" title=\"Only numbers and phone characters (#, -, *, etc) are accepted.\">\n\n\t\t\t\t\t\t<\/div>\n\t\t\t\t\t\t\t\t<div class=\"elementor-field-type-textarea elementor-field-group elementor-column elementor-field-group-message elementor-col-100 elementor-field-required\">\n\t\t\t\t\t\t\t\t\t\t\t\t<label for=\"form-field-message\" class=\"elementor-field-label\">\n\t\t\t\t\t\t\t\tMENSAGEM (*)\t\t\t\t\t\t\t<\/label>\n\t\t\t\t\t\t<textarea class=\"elementor-field-textual elementor-field  elementor-size-xs\" name=\"form_fields[message]\" id=\"form-field-message\" rows=\"4\" required=\"required\" aria-required=\"true\"><\/textarea>\t\t\t\t<\/div>\n\t\t\t\t\t\t\t\t<div class=\"elementor-field-type-recaptcha elementor-field-group elementor-column elementor-field-group-field_8d145a5 elementor-col-100\">\n\t\t\t\t\t<div class=\"elementor-field\" id=\"form-field-field_8d145a5\"><div class=\"elementor-g-recaptcha\" data-sitekey=\"6LeIAVspAAAAAN4Q10n6ksXQsJ4wXG9ykL5BE3fv\" data-type=\"v2_checkbox\" data-theme=\"dark\" data-size=\"normal\"><\/div><\/div>\t\t\t\t<\/div>\n\t\t\t\t\t\t\t\t<div class=\"elementor-field-group elementor-column elementor-field-type-submit elementor-col-100 e-form__buttons\">\n\t\t\t\t\t<button type=\"submit\" class=\"elementor-button elementor-size-sm\">\n\t\t\t\t\t\t<span >\n\t\t\t\t\t\t\t\t\t\t\t\t\t\t\t<span class=\"elementor-button-icon\">\n\t\t\t\t\t\t\t\t\t\t\t\t\t\t\t\t\t\t\t\t\t\t\t\t\t\t<\/span>\n\t\t\t\t\t\t\t\t\t\t\t\t\t\t\t\t\t\t\t\t\t\t<span class=\"elementor-button-text\">ENVIAR<\/span>\n\t\t\t\t\t\t\t\t\t\t\t\t\t<\/span>\n\t\t\t\t\t<\/button>\n\t\t\t\t<\/div>\n\t\t\t<\/div>\n\t\t<input type=\"hidden\" name=\"trp-form-language\" value=\"pt\"\/><\/form>\n\t\t\t\t<\/div>\n\t\t\t\t<\/div>\n\t\t\t\t<\/div>\n\t\t\t\t<\/div>\n\t\t\t\t\t<\/div>\n\t\t\t\t<\/div>\n\t\t<div class=\"elementor-element elementor-element-6f4dddd e-flex e-con-boxed e-con e-parent\" data-id=\"6f4dddd\" data-element_type=\"container\" data-settings=\"{&quot;content_width&quot;:&quot;boxed&quot;}\" data-core-v316-plus=\"true\">\n\t\t\t\t\t<div class=\"e-con-inner\">\n\t\t\t\t<div class=\"elementor-element elementor-element-79b7dcb elementor-widget elementor-widget-html\" data-id=\"79b7dcb\" data-element_type=\"widget\" data-widget_type=\"html.default\">\n\t\t\t\t<div class=\"elementor-widget-container\">\n\t\t\t<style>\n.rc-anchor-light {\n    background: transparent !important;\n    color: white !important;\n}\n\n    .container{\n        padding: 0;\n    margin: 0;\n    width: 100%;\n  \n    background-image: url('https:\/\/www.proptechnia.com\/wp-content\/uploads\/2024\/02\/Image_41.jpg');\n    background-size: cover; \n    background-position: center; \n    background-repeat: no-repeat;\n    }\n    \n    .breadcrumb .active {\n    color: white;\n}\n\n.breadcrumb a {\n    color: white;\n}\n.breadcrumb_container {\n    padding: 0;\n}\n.content_wrapper {\n    padding: 0px 0px 0px 0px !important;\n}\n\n@media only screen and (max-width: 700px) {\n\n.breadcrumb_container{\n    margin-left: 25px !important;\n}\n.elementor-element-08e2059{\n    padding: 0 !important;\n}\n}\n<\/style>\t\t<\/div>\n\t\t\t\t<\/div>\n\t\t\t\t\t<\/div>\n\t\t\t\t<\/div>\n\t\t\t\t\t\t\t<\/div>","protected":false},"excerpt":{"rendered":"<p>Partners \u00bfEst\u00e1 interesado en convertirse en partner de proptechnia? En proptechnia estamos abiertos a recibir nuevos partners con soluciones robustas e ingeniosas que aporten valor a la gesti\u00f3n inmobiliaria, en sus m\u00faltiples facetas. Convirti\u00e9ndose en partner de proptechnia su soluci\u00f3n podr\u00e1 beneficiarse de un acceso y una distribuci\u00f3n privilegiada al mercado de la comunidad inmobiliaria de Espa\u00f1a, Portugal y Andorra, permitiendo hacer crecer su &#8230;<\/p>","protected":false},"author":1,"featured_media":0,"parent":0,"menu_order":0,"comment_status":"closed","ping_status":"closed","template":"","meta":{"footnotes":""},"class_list":["post-19820","page","type-page","status-publish","hentry"],"acf":[],"yoast_head":"<!-- This site is optimized with the Yoast SEO plugin v21.9.1 - https:\/\/yoast.com\/wordpress\/plugins\/seo\/ -->\n<title>Partners - proptechnia<\/title>\n<meta name=\"robots\" content=\"index, follow, max-snippet:-1, max-image-preview:large, max-video-preview:-1\" \/>\n<link rel=\"canonical\" href=\"https:\/\/www.proptechnia.com\/pt\/partners\/\" \/>\n<meta property=\"og:locale\" content=\"pt_PT\" \/>\n<meta property=\"og:type\" content=\"article\" \/>\n<meta property=\"og:title\" content=\"Partners - proptechnia\" \/>\n<meta property=\"og:description\" content=\"Partners \u00bfEst\u00e1 interesado en convertirse en partner de proptechnia? En proptechnia estamos abiertos a recibir nuevos partners con soluciones robustas e ingeniosas que aporten valor a la gesti\u00f3n inmobiliaria, en sus m\u00faltiples facetas. Convirti\u00e9ndose en partner de proptechnia su soluci\u00f3n podr\u00e1 beneficiarse de un acceso y una distribuci\u00f3n privilegiada al mercado de la comunidad inmobiliaria de Espa\u00f1a, Portugal y Andorra, permitiendo hacer crecer su ...\" \/>\n<meta property=\"og:url\" content=\"https:\/\/www.proptechnia.com\/pt\/partners\/\" \/>\n<meta property=\"og:site_name\" content=\"proptechnia\" \/>\n<meta property=\"article:publisher\" content=\"https:\/\/www.facebook.com\/proptechnia\" \/>\n<meta property=\"article:modified_time\" content=\"2024-04-14T16:13:37+00:00\" \/>\n<meta name=\"twitter:card\" content=\"summary_large_image\" \/>\n<meta name=\"twitter:label1\" content=\"Tempo estimado de leitura\" \/>\n\t<meta name=\"twitter:data1\" content=\"1 minuto\" \/>\n<script type=\"application\/ld+json\" class=\"yoast-schema-graph\">{\"@context\":\"https:\/\/schema.org\",\"@graph\":[{\"@type\":\"WebPage\",\"@id\":\"https:\/\/www.proptechnia.com\/partners\/\",\"url\":\"https:\/\/www.proptechnia.com\/partners\/\",\"name\":\"Partners - proptechnia\",\"isPartOf\":{\"@id\":\"https:\/\/www.proptechnia.com\/#website\"},\"datePublished\":\"2023-10-19T19:36:00+00:00\",\"dateModified\":\"2024-04-14T16:13:37+00:00\",\"breadcrumb\":{\"@id\":\"https:\/\/www.proptechnia.com\/partners\/#breadcrumb\"},\"inLanguage\":\"pt-PT\",\"potentialAction\":[{\"@type\":\"ReadAction\",\"target\":[\"https:\/\/www.proptechnia.com\/partners\/\"]}]},{\"@type\":\"BreadcrumbList\",\"@id\":\"https:\/\/www.proptechnia.com\/partners\/#breadcrumb\",\"itemListElement\":[{\"@type\":\"ListItem\",\"position\":1,\"name\":\"Portada\",\"item\":\"https:\/\/www.proptechnia.com\/\"},{\"@type\":\"ListItem\",\"position\":2,\"name\":\"Partners\"}]},{\"@type\":\"WebSite\",\"@id\":\"https:\/\/www.proptechnia.com\/#website\",\"url\":\"https:\/\/www.proptechnia.com\/\",\"name\":\"residencereal.com.mialias.net\",\"description\":\"Soluciones proptech\",\"publisher\":{\"@id\":\"https:\/\/www.proptechnia.com\/#organization\"},\"potentialAction\":[{\"@type\":\"SearchAction\",\"target\":{\"@type\":\"EntryPoint\",\"urlTemplate\":\"https:\/\/www.proptechnia.com\/?s={search_term_string}\"},\"query-input\":\"required name=search_term_string\"}],\"inLanguage\":\"pt-PT\"},{\"@type\":\"Organization\",\"@id\":\"https:\/\/www.proptechnia.com\/#organization\",\"name\":\"residencereal.com.mialias.net\",\"url\":\"https:\/\/www.proptechnia.com\/\",\"logo\":{\"@type\":\"ImageObject\",\"inLanguage\":\"pt-PT\",\"@id\":\"https:\/\/www.proptechnia.com\/#\/schema\/logo\/image\/\",\"url\":\"http:\/\/www.residencereal.com.mialias.net\/wp-content\/uploads\/2023\/10\/Logo-Proptechnia-06-Name.jpg\",\"contentUrl\":\"http:\/\/www.residencereal.com.mialias.net\/wp-content\/uploads\/2023\/10\/Logo-Proptechnia-06-Name.jpg\",\"width\":1,\"height\":1,\"caption\":\"residencereal.com.mialias.net\"},\"image\":{\"@id\":\"https:\/\/www.proptechnia.com\/#\/schema\/logo\/image\/\"},\"sameAs\":[\"https:\/\/www.facebook.com\/proptechnia\",\"https:\/\/www.instagram.com\/proptechnia\"]}]}<\/script>\n<!-- \/ Yoast SEO plugin. -->","yoast_head_json":{"title":"Partners - proptechnia","robots":{"index":"index","follow":"follow","max-snippet":"max-snippet:-1","max-image-preview":"max-image-preview:large","max-video-preview":"max-video-preview:-1"},"canonical":"https:\/\/www.proptechnia.com\/pt\/partners\/","og_locale":"pt_PT","og_type":"article","og_title":"Partners - proptechnia","og_description":"Partners \u00bfEst\u00e1 interesado en convertirse en partner de proptechnia? En proptechnia estamos abiertos a recibir nuevos partners con soluciones robustas e ingeniosas que aporten valor a la gesti\u00f3n inmobiliaria, en sus m\u00faltiples facetas. Convirti\u00e9ndose en partner de proptechnia su soluci\u00f3n podr\u00e1 beneficiarse de un acceso y una distribuci\u00f3n privilegiada al mercado de la comunidad inmobiliaria de Espa\u00f1a, Portugal y Andorra, permitiendo hacer crecer su ...","og_url":"https:\/\/www.proptechnia.com\/pt\/partners\/","og_site_name":"proptechnia","article_publisher":"https:\/\/www.facebook.com\/proptechnia","article_modified_time":"2024-04-14T16:13:37+00:00","twitter_card":"summary_large_image","twitter_misc":{"Tempo estimado de leitura":"1 minuto"},"schema":{"@context":"https:\/\/schema.org","@graph":[{"@type":"WebPage","@id":"https:\/\/www.proptechnia.com\/partners\/","url":"https:\/\/www.proptechnia.com\/partners\/","name":"Partners - proptechnia","isPartOf":{"@id":"https:\/\/www.proptechnia.com\/#website"},"datePublished":"2023-10-19T19:36:00+00:00","dateModified":"2024-04-14T16:13:37+00:00","breadcrumb":{"@id":"https:\/\/www.proptechnia.com\/partners\/#breadcrumb"},"inLanguage":"pt-PT","potentialAction":[{"@type":"ReadAction","target":["https:\/\/www.proptechnia.com\/partners\/"]}]},{"@type":"BreadcrumbList","@id":"https:\/\/www.proptechnia.com\/partners\/#breadcrumb","itemListElement":[{"@type":"ListItem","position":1,"name":"Portada","item":"https:\/\/www.proptechnia.com\/"},{"@type":"ListItem","position":2,"name":"Partners"}]},{"@type":"WebSite","@id":"https:\/\/www.proptechnia.com\/#website","url":"https:\/\/www.proptechnia.com\/","name":"residencereal.com.mialias.net","description":"Soluciones proptech","publisher":{"@id":"https:\/\/www.proptechnia.com\/#organization"},"potentialAction":[{"@type":"SearchAction","target":{"@type":"EntryPoint","urlTemplate":"https:\/\/www.proptechnia.com\/?s={search_term_string}"},"query-input":"required name=search_term_string"}],"inLanguage":"pt-PT"},{"@type":"Organization","@id":"https:\/\/www.proptechnia.com\/#organization","name":"residencereal.com.mialias.net","url":"https:\/\/www.proptechnia.com\/","logo":{"@type":"ImageObject","inLanguage":"pt-PT","@id":"https:\/\/www.proptechnia.com\/#\/schema\/logo\/image\/","url":"http:\/\/www.residencereal.com.mialias.net\/wp-content\/uploads\/2023\/10\/Logo-Proptechnia-06-Name.jpg","contentUrl":"http:\/\/www.residencereal.com.mialias.net\/wp-content\/uploads\/2023\/10\/Logo-Proptechnia-06-Name.jpg","width":1,"height":1,"caption":"residencereal.com.mialias.net"},"image":{"@id":"https:\/\/www.proptechnia.com\/#\/schema\/logo\/image\/"},"sameAs":["https:\/\/www.facebook.com\/proptechnia","https:\/\/www.instagram.com\/proptechnia"]}]}},"_links":{"self":[{"href":"https:\/\/www.proptechnia.com\/pt\/wp-json\/wp\/v2\/pages\/19820","targetHints":{"allow":["GET"]}}],"collection":[{"href":"https:\/\/www.proptechnia.com\/pt\/wp-json\/wp\/v2\/pages"}],"about":[{"href":"https:\/\/www.proptechnia.com\/pt\/wp-json\/wp\/v2\/types\/page"}],"author":[{"embeddable":true,"href":"https:\/\/www.proptechnia.com\/pt\/wp-json\/wp\/v2\/users\/1"}],"replies":[{"embeddable":true,"href":"https:\/\/www.proptechnia.com\/pt\/wp-json\/wp\/v2\/comments?post=19820"}],"version-history":[{"count":84,"href":"https:\/\/www.proptechnia.com\/pt\/wp-json\/wp\/v2\/pages\/19820\/revisions"}],"predecessor-version":[{"id":22621,"href":"https:\/\/www.proptechnia.com\/pt\/wp-json\/wp\/v2\/pages\/19820\/revisions\/22621"}],"wp:attachment":[{"href":"https:\/\/www.proptechnia.com\/pt\/wp-json\/wp\/v2\/media?parent=19820"}],"curies":[{"name":"wp","href":"https:\/\/api.w.org\/{rel}","templated":true}]}}