{"id":19423,"date":"2023-10-05T21:28:15","date_gmt":"2023-10-05T19:28:15","guid":{"rendered":"http:\/\/www.residencereal.com.mialias.net\/?page_id=19423"},"modified":"2024-04-12T17:47:33","modified_gmt":"2024-04-12T15:47:33","slug":"ayuda","status":"publish","type":"page","link":"https:\/\/www.proptechnia.com\/pt\/ayuda\/","title":{"rendered":"Ajuda"},"content":{"rendered":"<div data-elementor-type=\"wp-page\" data-elementor-id=\"19423\" class=\"elementor elementor-19423\" data-elementor-post-type=\"page\">\n\t\t\t\t\t\t\t<div class=\"elementor-element elementor-element-afed900 e-flex e-con-boxed e-con e-parent\" data-id=\"afed900\" data-element_type=\"container\" data-settings=\"{&quot;content_width&quot;:&quot;boxed&quot;}\" data-core-v316-plus=\"true\">\n\t\t\t\t\t<div class=\"e-con-inner\">\n\t\t<div class=\"elementor-element elementor-element-d366372 e-con-full e-flex e-con e-child\" data-id=\"d366372\" data-element_type=\"container\" data-settings=\"{&quot;content_width&quot;:&quot;full&quot;}\">\n\t\t<div class=\"elementor-element elementor-element-9c9656a e-con-full e-flex e-con e-child\" data-id=\"9c9656a\" data-element_type=\"container\" data-settings=\"{&quot;content_width&quot;:&quot;full&quot;}\">\n\t\t\t\t<div class=\"elementor-element elementor-element-5e97c90 elementor-widget elementor-widget-heading\" data-id=\"5e97c90\" data-element_type=\"widget\" data-widget_type=\"heading.default\">\n\t\t\t\t<div class=\"elementor-widget-container\">\n\t\t\t<style>\/*! elementor - v3.16.0 - 20-09-2023 *\/\n.elementor-heading-title{padding:0;margin:0;line-height:1}.elementor-widget-heading .elementor-heading-title[class*=elementor-size-]>a{color:inherit;font-size:inherit;line-height:inherit}.elementor-widget-heading .elementor-heading-title.elementor-size-small{font-size:15px}.elementor-widget-heading .elementor-heading-title.elementor-size-medium{font-size:19px}.elementor-widget-heading .elementor-heading-title.elementor-size-large{font-size:29px}.elementor-widget-heading .elementor-heading-title.elementor-size-xl{font-size:39px}.elementor-widget-heading .elementor-heading-title.elementor-size-xxl{font-size:59px}<\/style><h2 class=\"elementor-heading-title elementor-size-default\">1<\/h2>\t\t<\/div>\n\t\t\t\t<\/div>\n\t\t\t\t<div class=\"elementor-element elementor-element-75b785f elementor-widget elementor-widget-heading\" data-id=\"75b785f\" data-element_type=\"widget\" data-widget_type=\"heading.default\">\n\t\t\t\t<div class=\"elementor-widget-container\">\n\t\t\t<p class=\"elementor-heading-title elementor-size-default\">Comece sua busca atrav\u00e9s das categorias ou simplesmente explore nosso cat\u00e1logo de solu\u00e7\u00f5es.<\/p>\t\t<\/div>\n\t\t\t\t<\/div>\n\t\t\t\t<\/div>\n\t\t<div class=\"elementor-element elementor-element-45b61a1 e-con-full e-flex e-con e-child\" data-id=\"45b61a1\" data-element_type=\"container\" data-settings=\"{&quot;content_width&quot;:&quot;full&quot;}\">\n\t\t\t\t<div class=\"elementor-element elementor-element-ccf1f7f elementor-widget elementor-widget-heading\" data-id=\"ccf1f7f\" data-element_type=\"widget\" data-widget_type=\"heading.default\">\n\t\t\t\t<div class=\"elementor-widget-container\">\n\t\t\t<p class=\"elementor-heading-title elementor-size-default\">A maneira mais r\u00e1pida e simples de come\u00e7ar na Proptechnia: realizar uma busca de acordo com seus interesses ou necessidades atrav\u00e9s do buscador, das categorias de solu\u00e7\u00f5es ou, at\u00e9 mesmo, dando uma olhada na lista de solu\u00e7\u00f5es e descobrindo propostas que voc\u00ea nunca imaginou.<\/p>\t\t<\/div>\n\t\t\t\t<\/div>\n\t\t\t\t<\/div>\n\t\t\t\t<\/div>\n\t\t<div class=\"elementor-element elementor-element-c0c1f48 e-con-full e-flex e-con e-child\" data-id=\"c0c1f48\" data-element_type=\"container\" data-settings=\"{&quot;content_width&quot;:&quot;full&quot;}\">\n\t\t<div class=\"elementor-element elementor-element-06c01d6 e-con-full e-flex e-con e-child\" data-id=\"06c01d6\" data-element_type=\"container\" data-settings=\"{&quot;content_width&quot;:&quot;full&quot;}\">\n\t\t\t\t<div class=\"elementor-element elementor-element-d93f863 elementor-widget elementor-widget-heading\" data-id=\"d93f863\" data-element_type=\"widget\" data-widget_type=\"heading.default\">\n\t\t\t\t<div class=\"elementor-widget-container\">\n\t\t\t<h2 class=\"elementor-heading-title elementor-size-default\">2<\/h2>\t\t<\/div>\n\t\t\t\t<\/div>\n\t\t\t\t<div class=\"elementor-element elementor-element-c5ef143 elementor-widget elementor-widget-heading\" data-id=\"c5ef143\" data-element_type=\"widget\" data-widget_type=\"heading.default\">\n\t\t\t\t<div class=\"elementor-widget-container\">\n\t\t\t<p class=\"elementor-heading-title elementor-size-default\">Registre-se ou fa\u00e7a login e adicione solu\u00e7\u00f5es aos favoritos de acordo com suas prefer\u00eancias ou necessidades.<\/p>\t\t<\/div>\n\t\t\t\t<\/div>\n\t\t\t\t<\/div>\n\t\t<div class=\"elementor-element elementor-element-255d467 e-con-full e-flex e-con e-child\" data-id=\"255d467\" data-element_type=\"container\" data-settings=\"{&quot;content_width&quot;:&quot;full&quot;}\">\n\t\t\t\t<div class=\"elementor-element elementor-element-2444358 elementor-widget elementor-widget-heading\" data-id=\"2444358\" data-element_type=\"widget\" data-widget_type=\"heading.default\">\n\t\t\t\t<div class=\"elementor-widget-container\">\n\t\t\t<p class=\"elementor-heading-title elementor-size-default\">Ao se registrar, voc\u00ea poder\u00e1 salvar suas solu\u00e7\u00f5es favoritas, al\u00e9m de ter acesso para emitir suas avalia\u00e7\u00f5es e coment\u00e1rios sobre as solu\u00e7\u00f5es. Al\u00e9m disso, o registro permitir\u00e1 que voc\u00ea tenha e acesse todas as suas informa\u00e7\u00f5es pessoais em um s\u00f3 lugar.<\/p>\t\t<\/div>\n\t\t\t\t<\/div>\n\t\t\t\t<\/div>\n\t\t\t\t<\/div>\n\t\t<div class=\"elementor-element elementor-element-dbeb7c8 e-con-full e-flex e-con e-child\" data-id=\"dbeb7c8\" data-element_type=\"container\" data-settings=\"{&quot;content_width&quot;:&quot;full&quot;}\">\n\t\t<div class=\"elementor-element elementor-element-86f5dd3 e-con-full e-flex e-con e-child\" data-id=\"86f5dd3\" data-element_type=\"container\" data-settings=\"{&quot;content_width&quot;:&quot;full&quot;}\">\n\t\t\t\t<div class=\"elementor-element elementor-element-7fc68e4 elementor-widget elementor-widget-heading\" data-id=\"7fc68e4\" data-element_type=\"widget\" data-widget_type=\"heading.default\">\n\t\t\t\t<div class=\"elementor-widget-container\">\n\t\t\t<h2 class=\"elementor-heading-title elementor-size-default\">3<\/h2>\t\t<\/div>\n\t\t\t\t<\/div>\n\t\t\t\t<div class=\"elementor-element elementor-element-309d8b9 elementor-widget elementor-widget-heading\" data-id=\"309d8b9\" data-element_type=\"widget\" data-widget_type=\"heading.default\">\n\t\t\t\t<div class=\"elementor-widget-container\">\n\t\t\t<p class=\"elementor-heading-title elementor-size-default\">Entre em contato conosco e teremos prazer em orient\u00e1-lo no processo de adquirir as solu\u00e7\u00f5es que melhor se adequem \u00e0s suas necessidades.<\/p>\t\t<\/div>\n\t\t\t\t<\/div>\n\t\t\t\t<\/div>\n\t\t<div class=\"elementor-element elementor-element-bfc2ebe e-con-full e-flex e-con e-child\" data-id=\"bfc2ebe\" data-element_type=\"container\" data-settings=\"{&quot;content_width&quot;:&quot;full&quot;}\">\n\t\t\t\t<div class=\"elementor-element elementor-element-74042bf elementor-widget elementor-widget-heading\" data-id=\"74042bf\" data-element_type=\"widget\" data-widget_type=\"heading.default\">\n\t\t\t\t<div class=\"elementor-widget-container\">\n\t\t\t<p class=\"elementor-heading-title elementor-size-default\">O processo de aquisi\u00e7\u00e3o e implementa\u00e7\u00e3o das solu\u00e7\u00f5es requer um acompanhamento que apenas um profissional pode fornecer. Na Proptechnia, ajudaremos voc\u00ea em todo o processo para que possa extrair o m\u00e1ximo valor de sua decis\u00e3o.<\/p>\t\t<\/div>\n\t\t\t\t<\/div>\n\t\t\t\t<\/div>\n\t\t\t\t<\/div>\n\t\t<div class=\"elementor-element elementor-element-8e3c3a7 e-con-full e-flex e-con e-child\" data-id=\"8e3c3a7\" data-element_type=\"container\" data-settings=\"{&quot;content_width&quot;:&quot;full&quot;}\">\n\t\t<div class=\"elementor-element elementor-element-a9d2737 e-con-full e-flex e-con e-child\" data-id=\"a9d2737\" data-element_type=\"container\" data-settings=\"{&quot;content_width&quot;:&quot;full&quot;}\">\n\t\t\t\t<div class=\"elementor-element elementor-element-7b674cb elementor-widget elementor-widget-heading\" data-id=\"7b674cb\" data-element_type=\"widget\" data-widget_type=\"heading.default\">\n\t\t\t\t<div class=\"elementor-widget-container\">\n\t\t\t<h2 class=\"elementor-heading-title elementor-size-default\">4<\/h2>\t\t<\/div>\n\t\t\t\t<\/div>\n\t\t\t\t<div class=\"elementor-element elementor-element-6c087f7 elementor-widget elementor-widget-heading\" data-id=\"6c087f7\" data-element_type=\"widget\" data-widget_type=\"heading.default\">\n\t\t\t\t<div class=\"elementor-widget-container\">\n\t\t\t<p class=\"elementor-heading-title elementor-size-default\">Implemente a solu\u00e7\u00e3o e desfrute de suas vantagens.<\/p>\t\t<\/div>\n\t\t\t\t<\/div>\n\t\t\t\t<\/div>\n\t\t<div class=\"elementor-element elementor-element-0421922 e-con-full e-flex e-con e-child\" data-id=\"0421922\" data-element_type=\"container\" data-settings=\"{&quot;content_width&quot;:&quot;full&quot;}\">\n\t\t\t\t<div class=\"elementor-element elementor-element-f56ebb3 elementor-widget elementor-widget-heading\" data-id=\"f56ebb3\" data-element_type=\"widget\" data-widget_type=\"heading.default\">\n\t\t\t\t<div class=\"elementor-widget-container\">\n\t\t\t<p class=\"elementor-heading-title elementor-size-default\">Aproveite ao m\u00e1ximo as possibilidades do proptech melhorando aspectos de sua gest\u00e3o que permitir\u00e3o que voc\u00ea se mantenha \u00e0 frente da concorr\u00eancia e at\u00e9 mesmo aumente o valor de seus ativos e de sua empresa. <\/p>\t\t<\/div>\n\t\t\t\t<\/div>\n\t\t\t\t<\/div>\n\t\t\t\t<\/div>\n\t\t\t\t\t<\/div>\n\t\t\t\t<\/div>\n\t\t<div class=\"elementor-element elementor-element-f4a17e8 e-flex e-con-boxed e-con e-parent\" data-id=\"f4a17e8\" data-element_type=\"container\" data-settings=\"{&quot;content_width&quot;:&quot;boxed&quot;}\" data-core-v316-plus=\"true\">\n\t\t\t\t\t<div class=\"e-con-inner\">\n\t\t\t\t<div class=\"elementor-element elementor-element-d4c2be1 elementor-widget elementor-widget-html\" data-id=\"d4c2be1\" data-element_type=\"widget\" data-widget_type=\"html.default\">\n\t\t\t\t<div class=\"elementor-widget-container\">\n\t\t\t<style>\n    .container{\n        padding: 0;\n    margin: 0;\n    width: 100%;\n  \n    background-image: url('https:\/\/www.proptechnia.com\/wp-content\/uploads\/2024\/02\/Image_21.jpg');\n    background-size: cover; \n    background-position: center; \n    background-repeat: no-repeat;\n    }\n    \n    .breadcrumb .active {\n    color: white;\n}\n\n.breadcrumb a {\n    color: white;\n}\n.breadcrumb_container {\n    padding: 0;\n}\n.content_wrapper {\n    padding: 0px 0px 0px 0px !important;\n}\n\n@media only screen and (max-width: 700px) {\n\n.breadcrumb_container{\n    margin-left: 25px !important;\n}\n.elementor-element-afed900 {\n    padding: 0 !important;\n}\n}\n<\/style>\t\t<\/div>\n\t\t\t\t<\/div>\n\t\t\t\t\t<\/div>\n\t\t\t\t<\/div>\n\t\t\t\t\t\t\t<\/div>","protected":false},"excerpt":{"rendered":"<p>1 Inicie su b\u00fasqueda a trav\u00e9s de las categor\u00edas o simplemente explore nuestro cat\u00e1logo de soluciones\u200b La forma m\u00e1s r\u00e1pida y sencilla de iniciarse en proptechnia: realizar una b\u00fasqueda conforme a sus intereses o necesidades a trav\u00e9s del buscador, de las categor\u00edas de soluciones o, incluso, echando un vistazo al listado de soluciones y descubriendo propuestas que nunca hubiera imaginado 2 Reg\u00edstrese o inicie &#8230;<\/p>","protected":false},"author":1,"featured_media":0,"parent":0,"menu_order":0,"comment_status":"closed","ping_status":"closed","template":"","meta":{"footnotes":""},"class_list":["post-19423","page","type-page","status-publish","hentry"],"acf":[],"yoast_head":"<!-- This site is optimized with the Yoast SEO plugin v21.9.1 - https:\/\/yoast.com\/wordpress\/plugins\/seo\/ -->\n<title>Ayuda - proptechnia<\/title>\n<meta name=\"robots\" content=\"index, follow, max-snippet:-1, max-image-preview:large, max-video-preview:-1\" \/>\n<link rel=\"canonical\" href=\"https:\/\/www.proptechnia.com\/pt\/ayuda\/\" \/>\n<meta property=\"og:locale\" content=\"pt_PT\" \/>\n<meta property=\"og:type\" content=\"article\" \/>\n<meta property=\"og:title\" content=\"Ayuda - proptechnia\" \/>\n<meta property=\"og:description\" content=\"1 Inicie su b\u00fasqueda a trav\u00e9s de las categor\u00edas o simplemente explore nuestro cat\u00e1logo de soluciones\u200b La forma m\u00e1s r\u00e1pida y sencilla de iniciarse en proptechnia: realizar una b\u00fasqueda conforme a sus intereses o necesidades a trav\u00e9s del buscador, de las categor\u00edas de soluciones o, incluso, echando un vistazo al listado de soluciones y descubriendo propuestas que nunca hubiera imaginado 2 Reg\u00edstrese o inicie ...\" \/>\n<meta property=\"og:url\" content=\"https:\/\/www.proptechnia.com\/pt\/ayuda\/\" \/>\n<meta property=\"og:site_name\" content=\"proptechnia\" \/>\n<meta property=\"article:publisher\" content=\"https:\/\/www.facebook.com\/proptechnia\" \/>\n<meta property=\"article:modified_time\" content=\"2024-04-12T15:47:33+00:00\" \/>\n<meta name=\"twitter:card\" content=\"summary_large_image\" \/>\n<meta name=\"twitter:label1\" content=\"Tempo estimado de leitura\" \/>\n\t<meta name=\"twitter:data1\" content=\"1 minuto\" \/>\n<script type=\"application\/ld+json\" class=\"yoast-schema-graph\">{\"@context\":\"https:\/\/schema.org\",\"@graph\":[{\"@type\":\"WebPage\",\"@id\":\"https:\/\/www.proptechnia.com\/ayuda\/\",\"url\":\"https:\/\/www.proptechnia.com\/ayuda\/\",\"name\":\"Ayuda - proptechnia\",\"isPartOf\":{\"@id\":\"https:\/\/www.proptechnia.com\/#website\"},\"datePublished\":\"2023-10-05T19:28:15+00:00\",\"dateModified\":\"2024-04-12T15:47:33+00:00\",\"breadcrumb\":{\"@id\":\"https:\/\/www.proptechnia.com\/ayuda\/#breadcrumb\"},\"inLanguage\":\"pt-PT\",\"potentialAction\":[{\"@type\":\"ReadAction\",\"target\":[\"https:\/\/www.proptechnia.com\/ayuda\/\"]}]},{\"@type\":\"BreadcrumbList\",\"@id\":\"https:\/\/www.proptechnia.com\/ayuda\/#breadcrumb\",\"itemListElement\":[{\"@type\":\"ListItem\",\"position\":1,\"name\":\"Portada\",\"item\":\"https:\/\/www.proptechnia.com\/\"},{\"@type\":\"ListItem\",\"position\":2,\"name\":\"Ayuda\"}]},{\"@type\":\"WebSite\",\"@id\":\"https:\/\/www.proptechnia.com\/#website\",\"url\":\"https:\/\/www.proptechnia.com\/\",\"name\":\"residencereal.com.mialias.net\",\"description\":\"Soluciones proptech\",\"publisher\":{\"@id\":\"https:\/\/www.proptechnia.com\/#organization\"},\"potentialAction\":[{\"@type\":\"SearchAction\",\"target\":{\"@type\":\"EntryPoint\",\"urlTemplate\":\"https:\/\/www.proptechnia.com\/?s={search_term_string}\"},\"query-input\":\"required name=search_term_string\"}],\"inLanguage\":\"pt-PT\"},{\"@type\":\"Organization\",\"@id\":\"https:\/\/www.proptechnia.com\/#organization\",\"name\":\"residencereal.com.mialias.net\",\"url\":\"https:\/\/www.proptechnia.com\/\",\"logo\":{\"@type\":\"ImageObject\",\"inLanguage\":\"pt-PT\",\"@id\":\"https:\/\/www.proptechnia.com\/#\/schema\/logo\/image\/\",\"url\":\"http:\/\/www.residencereal.com.mialias.net\/wp-content\/uploads\/2023\/10\/Logo-Proptechnia-06-Name.jpg\",\"contentUrl\":\"http:\/\/www.residencereal.com.mialias.net\/wp-content\/uploads\/2023\/10\/Logo-Proptechnia-06-Name.jpg\",\"width\":1,\"height\":1,\"caption\":\"residencereal.com.mialias.net\"},\"image\":{\"@id\":\"https:\/\/www.proptechnia.com\/#\/schema\/logo\/image\/\"},\"sameAs\":[\"https:\/\/www.facebook.com\/proptechnia\",\"https:\/\/www.instagram.com\/proptechnia\"]}]}<\/script>\n<!-- \/ Yoast SEO plugin. -->","yoast_head_json":{"title":"Ayuda - proptechnia","robots":{"index":"index","follow":"follow","max-snippet":"max-snippet:-1","max-image-preview":"max-image-preview:large","max-video-preview":"max-video-preview:-1"},"canonical":"https:\/\/www.proptechnia.com\/pt\/ayuda\/","og_locale":"pt_PT","og_type":"article","og_title":"Ayuda - proptechnia","og_description":"1 Inicie su b\u00fasqueda a trav\u00e9s de las categor\u00edas o simplemente explore nuestro cat\u00e1logo de soluciones\u200b La forma m\u00e1s r\u00e1pida y sencilla de iniciarse en proptechnia: realizar una b\u00fasqueda conforme a sus intereses o necesidades a trav\u00e9s del buscador, de las categor\u00edas de soluciones o, incluso, echando un vistazo al listado de soluciones y descubriendo propuestas que nunca hubiera imaginado 2 Reg\u00edstrese o inicie ...","og_url":"https:\/\/www.proptechnia.com\/pt\/ayuda\/","og_site_name":"proptechnia","article_publisher":"https:\/\/www.facebook.com\/proptechnia","article_modified_time":"2024-04-12T15:47:33+00:00","twitter_card":"summary_large_image","twitter_misc":{"Tempo estimado de leitura":"1 minuto"},"schema":{"@context":"https:\/\/schema.org","@graph":[{"@type":"WebPage","@id":"https:\/\/www.proptechnia.com\/ayuda\/","url":"https:\/\/www.proptechnia.com\/ayuda\/","name":"Ayuda - proptechnia","isPartOf":{"@id":"https:\/\/www.proptechnia.com\/#website"},"datePublished":"2023-10-05T19:28:15+00:00","dateModified":"2024-04-12T15:47:33+00:00","breadcrumb":{"@id":"https:\/\/www.proptechnia.com\/ayuda\/#breadcrumb"},"inLanguage":"pt-PT","potentialAction":[{"@type":"ReadAction","target":["https:\/\/www.proptechnia.com\/ayuda\/"]}]},{"@type":"BreadcrumbList","@id":"https:\/\/www.proptechnia.com\/ayuda\/#breadcrumb","itemListElement":[{"@type":"ListItem","position":1,"name":"Portada","item":"https:\/\/www.proptechnia.com\/"},{"@type":"ListItem","position":2,"name":"Ayuda"}]},{"@type":"WebSite","@id":"https:\/\/www.proptechnia.com\/#website","url":"https:\/\/www.proptechnia.com\/","name":"residencereal.com.mialias.net","description":"Soluciones proptech","publisher":{"@id":"https:\/\/www.proptechnia.com\/#organization"},"potentialAction":[{"@type":"SearchAction","target":{"@type":"EntryPoint","urlTemplate":"https:\/\/www.proptechnia.com\/?s={search_term_string}"},"query-input":"required name=search_term_string"}],"inLanguage":"pt-PT"},{"@type":"Organization","@id":"https:\/\/www.proptechnia.com\/#organization","name":"residencereal.com.mialias.net","url":"https:\/\/www.proptechnia.com\/","logo":{"@type":"ImageObject","inLanguage":"pt-PT","@id":"https:\/\/www.proptechnia.com\/#\/schema\/logo\/image\/","url":"http:\/\/www.residencereal.com.mialias.net\/wp-content\/uploads\/2023\/10\/Logo-Proptechnia-06-Name.jpg","contentUrl":"http:\/\/www.residencereal.com.mialias.net\/wp-content\/uploads\/2023\/10\/Logo-Proptechnia-06-Name.jpg","width":1,"height":1,"caption":"residencereal.com.mialias.net"},"image":{"@id":"https:\/\/www.proptechnia.com\/#\/schema\/logo\/image\/"},"sameAs":["https:\/\/www.facebook.com\/proptechnia","https:\/\/www.instagram.com\/proptechnia"]}]}},"_links":{"self":[{"href":"https:\/\/www.proptechnia.com\/pt\/wp-json\/wp\/v2\/pages\/19423","targetHints":{"allow":["GET"]}}],"collection":[{"href":"https:\/\/www.proptechnia.com\/pt\/wp-json\/wp\/v2\/pages"}],"about":[{"href":"https:\/\/www.proptechnia.com\/pt\/wp-json\/wp\/v2\/types\/page"}],"author":[{"embeddable":true,"href":"https:\/\/www.proptechnia.com\/pt\/wp-json\/wp\/v2\/users\/1"}],"replies":[{"embeddable":true,"href":"https:\/\/www.proptechnia.com\/pt\/wp-json\/wp\/v2\/comments?post=19423"}],"version-history":[{"count":89,"href":"https:\/\/www.proptechnia.com\/pt\/wp-json\/wp\/v2\/pages\/19423\/revisions"}],"predecessor-version":[{"id":22540,"href":"https:\/\/www.proptechnia.com\/pt\/wp-json\/wp\/v2\/pages\/19423\/revisions\/22540"}],"wp:attachment":[{"href":"https:\/\/www.proptechnia.com\/pt\/wp-json\/wp\/v2\/media?parent=19423"}],"curies":[{"name":"wp","href":"https:\/\/api.w.org\/{rel}","templated":true}]}}