{"id":3,"date":"2023-08-09T11:58:51","date_gmt":"2023-08-09T09:58:51","guid":{"rendered":"http:\/\/www.residencereal.com.mialias.net\/?page_id=3"},"modified":"2024-06-02T00:33:42","modified_gmt":"2024-06-01T22:33:42","slug":"politica-privacidad","status":"publish","type":"page","link":"https:\/\/www.proptechnia.com\/en\/politica-privacidad\/","title":{"rendered":"Privacy policy"},"content":{"rendered":"<div data-elementor-type=\"wp-page\" data-elementor-id=\"3\" class=\"elementor elementor-3\" data-elementor-post-type=\"page\">\n\t\t\t\t\t\t\t<div class=\"elementor-element elementor-element-3b68979 e-flex e-con-boxed e-con e-parent\" data-id=\"3b68979\" data-element_type=\"container\" data-settings=\"{&quot;content_width&quot;:&quot;boxed&quot;}\" data-core-v316-plus=\"true\">\n\t\t\t\t\t<div class=\"e-con-inner\">\n\t\t<div class=\"elementor-element elementor-element-65b0b30 e-con-full e-flex e-con e-child\" data-id=\"65b0b30\" data-element_type=\"container\" data-settings=\"{&quot;content_width&quot;:&quot;full&quot;}\">\n\t\t\t\t<div class=\"elementor-element elementor-element-e8014f2 elementor-widget elementor-widget-heading\" data-id=\"e8014f2\" data-element_type=\"widget\" data-widget_type=\"heading.default\">\n\t\t\t\t<div class=\"elementor-widget-container\">\n\t\t\t<style>\/*! elementor - v3.16.0 - 20-09-2023 *\/\n.elementor-heading-title{padding:0;margin:0;line-height:1}.elementor-widget-heading .elementor-heading-title[class*=elementor-size-]>a{color:inherit;font-size:inherit;line-height:inherit}.elementor-widget-heading .elementor-heading-title.elementor-size-small{font-size:15px}.elementor-widget-heading .elementor-heading-title.elementor-size-medium{font-size:19px}.elementor-widget-heading .elementor-heading-title.elementor-size-large{font-size:29px}.elementor-widget-heading .elementor-heading-title.elementor-size-xl{font-size:39px}.elementor-widget-heading .elementor-heading-title.elementor-size-xxl{font-size:59px}<\/style><h2 class=\"elementor-heading-title elementor-size-default\">Privacy policy<\/h2>\t\t<\/div>\n\t\t\t\t<\/div>\n\t\t\t\t<div class=\"elementor-element elementor-element-0c77a89 elementor-widget elementor-widget-heading\" data-id=\"0c77a89\" data-element_type=\"widget\" data-widget_type=\"heading.default\">\n\t\t\t\t<div class=\"elementor-widget-container\">\n\t\t\t<h3 class=\"elementor-heading-title elementor-size-default\">Who we are<\/h3>\t\t<\/div>\n\t\t\t\t<\/div>\n\t\t\t\t<div class=\"elementor-element elementor-element-e8efc5e elementor-widget elementor-widget-heading\" data-id=\"e8efc5e\" data-element_type=\"widget\" data-widget_type=\"heading.default\">\n\t\t\t\t<div class=\"elementor-widget-container\">\n\t\t\t<p class=\"elementor-heading-title elementor-size-default\">The address of our website is: https:\/\/www.proptechnia.com<\/p>\t\t<\/div>\n\t\t\t\t<\/div>\n\t\t\t\t<div class=\"elementor-element elementor-element-26824a8 elementor-widget elementor-widget-heading\" data-id=\"26824a8\" data-element_type=\"widget\" data-widget_type=\"heading.default\">\n\t\t\t\t<div class=\"elementor-widget-container\">\n\t\t\t<h3 class=\"elementor-heading-title elementor-size-default\">Comments<\/h3>\t\t<\/div>\n\t\t\t\t<\/div>\n\t\t\t\t<div class=\"elementor-element elementor-element-a55ceda elementor-widget elementor-widget-heading\" data-id=\"a55ceda\" data-element_type=\"widget\" data-widget_type=\"heading.default\">\n\t\t\t\t<div class=\"elementor-widget-container\">\n\t\t\t<p class=\"elementor-heading-title elementor-size-default\">When visitors leave comments on the website, we collect the data shown in the comments form, as well as the visitor's IP address and browser user agent string to help spam detection.\n\nAn anonymized string created from your email address (also called a hash) may be provided to the Gravatar service to see if you are using it. The Gravatar service privacy policy is available here: https:\/\/automattic.com\/privacy\/. After approval of your comment, your profile picture is visible to the public in the context of your comment.<\/p>\t\t<\/div>\n\t\t\t\t<\/div>\n\t\t\t\t<div class=\"elementor-element elementor-element-6a27004 elementor-widget elementor-widget-heading\" data-id=\"6a27004\" data-element_type=\"widget\" data-widget_type=\"heading.default\">\n\t\t\t\t<div class=\"elementor-widget-container\">\n\t\t\t<h3 class=\"elementor-heading-title elementor-size-default\">Media<\/h3>\t\t<\/div>\n\t\t\t\t<\/div>\n\t\t\t\t<div class=\"elementor-element elementor-element-bd5dec6 elementor-widget elementor-widget-heading\" data-id=\"bd5dec6\" data-element_type=\"widget\" data-widget_type=\"heading.default\">\n\t\t\t\t<div class=\"elementor-widget-container\">\n\t\t\t<p class=\"elementor-heading-title elementor-size-default\">If you upload images to the website, you should avoid uploading images with location data (GPS EXIF) included. Visitors to the website can download and extract any data of location of images on the web.<\/p>\t\t<\/div>\n\t\t\t\t<\/div>\n\t\t\t\t<div class=\"elementor-element elementor-element-2e71f57 elementor-widget elementor-widget-heading\" data-id=\"2e71f57\" data-element_type=\"widget\" data-widget_type=\"heading.default\">\n\t\t\t\t<div class=\"elementor-widget-container\">\n\t\t\t<h3 class=\"elementor-heading-title elementor-size-default\">Cookies<\/h3>\t\t<\/div>\n\t\t\t\t<\/div>\n\t\t\t\t<div class=\"elementor-element elementor-element-cd5370e elementor-widget elementor-widget-heading\" data-id=\"cd5370e\" data-element_type=\"widget\" data-widget_type=\"heading.default\">\n\t\t\t\t<div class=\"elementor-widget-container\">\n\t\t\t<p class=\"elementor-heading-title elementor-size-default\">If you leave a comment on our site you can choose to save your name, email address and website in cookies. This is for your convenience so that you do not have to re-fill your data when you leave another comment. These cookies will last for one year.\n\nIf you have an account and you log in to this site, we will install a temporary cookie to determine if your browser accepts cookies. This cookie contains no personal data and is deleted when you close your browser.\n\nWhen you log in, we will also install several cookies to save your login information and your options for screen display. To access cookies last for two days, and cookie screen options last a year. If you select &#034;Recu\u00e9rdarme&#034;, your login will persist for two weeks. If you log out of your account, access cookies will be removed.\n\nIf you edit or publish an article, you will save an additional cookie on your browser. This cookie includes no personal data and simply indicates the ID of the article you just edited. It expires after 1 day.<\/p>\t\t<\/div>\n\t\t\t\t<\/div>\n\t\t\t\t<div class=\"elementor-element elementor-element-badf8d8 elementor-widget elementor-widget-heading\" data-id=\"badf8d8\" data-element_type=\"widget\" data-widget_type=\"heading.default\">\n\t\t\t\t<div class=\"elementor-widget-container\">\n\t\t\t<h3 class=\"elementor-heading-title elementor-size-default\">Embedded content from other websites<\/h3>\t\t<\/div>\n\t\t\t\t<\/div>\n\t\t\t\t<div class=\"elementor-element elementor-element-8d704e2 elementor-widget elementor-widget-heading\" data-id=\"8d704e2\" data-element_type=\"widget\" data-widget_type=\"heading.default\">\n\t\t\t\t<div class=\"elementor-widget-container\">\n\t\t\t<p class=\"elementor-heading-title elementor-size-default\">The articles on this site may include embedded content (e.g. videos, images, articles, etc). Embedded content from other websites behaves in exactly the same way as if the visitor had visited the other website.\n\nThese websites may collect data about you, use cookies, embed additional monitoring of third parties, and monitor your interaction with that embedded content, including tracking your interaction with the embedded content if you have an account and you are logged in to that website.<\/p>\t\t<\/div>\n\t\t\t\t<\/div>\n\t\t\t\t<div class=\"elementor-element elementor-element-8d5d4b6 elementor-widget elementor-widget-heading\" data-id=\"8d5d4b6\" data-element_type=\"widget\" data-widget_type=\"heading.default\">\n\t\t\t\t<div class=\"elementor-widget-container\">\n\t\t\t<h3 class=\"elementor-heading-title elementor-size-default\">With whom do we share your data<\/h3>\t\t<\/div>\n\t\t\t\t<\/div>\n\t\t\t\t<div class=\"elementor-element elementor-element-30f3bc6 elementor-widget elementor-widget-heading\" data-id=\"30f3bc6\" data-element_type=\"widget\" data-widget_type=\"heading.default\">\n\t\t\t\t<div class=\"elementor-widget-container\">\n\t\t\t<p class=\"elementor-heading-title elementor-size-default\">If you request a password reset, your IP address will be included in the reset email.<\/p>\t\t<\/div>\n\t\t\t\t<\/div>\n\t\t\t\t<div class=\"elementor-element elementor-element-403f52e elementor-widget elementor-widget-heading\" data-id=\"403f52e\" data-element_type=\"widget\" data-widget_type=\"heading.default\">\n\t\t\t\t<div class=\"elementor-widget-container\">\n\t\t\t<h3 class=\"elementor-heading-title elementor-size-default\">How long we retain your data<\/h3>\t\t<\/div>\n\t\t\t\t<\/div>\n\t\t\t\t<div class=\"elementor-element elementor-element-62246ee elementor-widget elementor-widget-heading\" data-id=\"62246ee\" data-element_type=\"widget\" data-widget_type=\"heading.default\">\n\t\t\t\t<div class=\"elementor-widget-container\">\n\t\t\t<p class=\"elementor-heading-title elementor-size-default\">If you leave a comment, the comment and its metadata are retained indefinitely. This is so we can recognize and approve successive comments automatically instead of holding them in a moderation queue.\n\nFor users that register on our website (if any), we also store the personal information they provide in their user profile. All users can see, edit, or delete their personal information at any time (except they cannot change their username). The administrators of the web can also see and edit that information.<\/p>\t\t<\/div>\n\t\t\t\t<\/div>\n\t\t\t\t<div class=\"elementor-element elementor-element-95449ea elementor-widget elementor-widget-heading\" data-id=\"95449ea\" data-element_type=\"widget\" data-widget_type=\"heading.default\">\n\t\t\t\t<div class=\"elementor-widget-container\">\n\t\t\t<h3 class=\"elementor-heading-title elementor-size-default\">What rights you have over your data<\/h3>\t\t<\/div>\n\t\t\t\t<\/div>\n\t\t\t\t<div class=\"elementor-element elementor-element-f47ee53 elementor-widget elementor-widget-heading\" data-id=\"f47ee53\" data-element_type=\"widget\" data-widget_type=\"heading.default\">\n\t\t\t\t<div class=\"elementor-widget-container\">\n\t\t\t<p class=\"elementor-heading-title elementor-size-default\">If you have an account or have left comments on this website, you can request to receive an export file of the personal data that we hold about you, including any data that you provided us. You can also request that we delete any personal data we hold about you. This does not include any data we are obliged to keep for administrative, legal, or security.<\/p>\t\t<\/div>\n\t\t\t\t<\/div>\n\t\t\t\t<div class=\"elementor-element elementor-element-efa6152 elementor-widget elementor-widget-heading\" data-id=\"efa6152\" data-element_type=\"widget\" data-widget_type=\"heading.default\">\n\t\t\t\t<div class=\"elementor-widget-container\">\n\t\t\t<h3 class=\"elementor-heading-title elementor-size-default\">Where we send your data<\/h3>\t\t<\/div>\n\t\t\t\t<\/div>\n\t\t\t\t<div class=\"elementor-element elementor-element-5507bfd elementor-widget elementor-widget-heading\" data-id=\"5507bfd\" data-element_type=\"widget\" data-widget_type=\"heading.default\">\n\t\t\t\t<div class=\"elementor-widget-container\">\n\t\t\t<p class=\"elementor-heading-title elementor-size-default\">The comments of the visitors you can review a service of automatic detection of spam.<\/p>\t\t<\/div>\n\t\t\t\t<\/div>\n\t\t\t\t<\/div>\n\t\t\t\t\t<\/div>\n\t\t\t\t<\/div>\n\t\t<div class=\"elementor-element elementor-element-ce5f37c e-flex e-con-boxed e-con e-parent\" data-id=\"ce5f37c\" data-element_type=\"container\" data-settings=\"{&quot;content_width&quot;:&quot;boxed&quot;}\" data-core-v316-plus=\"true\">\n\t\t\t\t\t<div class=\"e-con-inner\">\n\t\t\t\t<div class=\"elementor-element elementor-element-49eaa3a elementor-widget elementor-widget-html\" data-id=\"49eaa3a\" data-element_type=\"widget\" data-widget_type=\"html.default\">\n\t\t\t\t<div class=\"elementor-widget-container\">\n\t\t\t<style>\n    .container{\n        padding: 0;\n    margin: 0;\n    width: 100%;\n  \n    background-image: url('https:\/\/www.proptechnia.com\/wp-content\/uploads\/2024\/02\/Image_26.jpg');\n    background-repeat: repeat;\n    }\n    \n    .breadcrumb .active {\n    color: white;\n}\n\n.breadcrumb a {\n    color: white;\n}\n\n@media only screen and (max-width: 700px) {\n\n.breadcrumb_container{\n    margin-left: 25px !important;\n    padding: 0 !important;\n}\n.elementor-element-65b0b30     {\n    padding: 0 !important;\n}\n\n}\n<\/style>\t\t<\/div>\n\t\t\t\t<\/div>\n\t\t\t\t\t<\/div>\n\t\t\t\t<\/div>\n\t\t\t\t\t\t\t<\/div>","protected":false},"excerpt":{"rendered":"<p>Pol\u00edtica de privacidad Qui\u00e9nes somos La direcci\u00f3n de nuestra web es: https:\/\/www.proptechnia.com Comentarios Cuando los visitantes dejan comentarios en la web, recopilamos los datos que se muestran en el formulario de comentarios, as\u00ed como la direcci\u00f3n IP del visitante y la cadena de agentes de usuario del navegador para ayudar a la detecci\u00f3n de spam. Una cadena an\u00f3nima creada a partir de tu direcci\u00f3n &#8230;<\/p>","protected":false},"author":1,"featured_media":0,"parent":0,"menu_order":0,"comment_status":"closed","ping_status":"open","template":"","meta":{"footnotes":""},"class_list":["post-3","page","type-page","status-publish","hentry"],"acf":[],"yoast_head":"<!-- This site is optimized with the Yoast SEO plugin v21.9.1 - https:\/\/yoast.com\/wordpress\/plugins\/seo\/ -->\n<title>Pol\u00edtica de privacidad - proptechnia<\/title>\n<meta name=\"robots\" content=\"index, follow, max-snippet:-1, max-image-preview:large, max-video-preview:-1\" \/>\n<link rel=\"canonical\" href=\"https:\/\/www.proptechnia.com\/en\/politica-privacidad\/\" \/>\n<meta property=\"og:locale\" content=\"en_US\" \/>\n<meta property=\"og:type\" content=\"article\" \/>\n<meta property=\"og:title\" content=\"Pol\u00edtica de privacidad - proptechnia\" \/>\n<meta property=\"og:description\" content=\"Pol\u00edtica de privacidad Qui\u00e9nes somos La direcci\u00f3n de nuestra web es: https:\/\/www.proptechnia.com Comentarios Cuando los visitantes dejan comentarios en la web, recopilamos los datos que se muestran en el formulario de comentarios, as\u00ed como la direcci\u00f3n IP del visitante y la cadena de agentes de usuario del navegador para ayudar a la detecci\u00f3n de spam. Una cadena an\u00f3nima creada a partir de tu direcci\u00f3n ...\" \/>\n<meta property=\"og:url\" content=\"https:\/\/www.proptechnia.com\/en\/politica-privacidad\/\" \/>\n<meta property=\"og:site_name\" content=\"proptechnia\" \/>\n<meta property=\"article:publisher\" content=\"https:\/\/www.facebook.com\/proptechnia\" \/>\n<meta property=\"article:modified_time\" content=\"2024-06-01T22:33:42+00:00\" \/>\n<meta name=\"twitter:card\" content=\"summary_large_image\" \/>\n<meta name=\"twitter:label1\" content=\"Est. reading time\" \/>\n\t<meta name=\"twitter:data1\" content=\"3 minutes\" \/>\n<script type=\"application\/ld+json\" class=\"yoast-schema-graph\">{\"@context\":\"https:\/\/schema.org\",\"@graph\":[{\"@type\":\"WebPage\",\"@id\":\"https:\/\/www.proptechnia.com\/politica-privacidad\/\",\"url\":\"https:\/\/www.proptechnia.com\/politica-privacidad\/\",\"name\":\"Pol\u00edtica de privacidad - proptechnia\",\"isPartOf\":{\"@id\":\"https:\/\/www.proptechnia.com\/#website\"},\"datePublished\":\"2023-08-09T09:58:51+00:00\",\"dateModified\":\"2024-06-01T22:33:42+00:00\",\"breadcrumb\":{\"@id\":\"https:\/\/www.proptechnia.com\/politica-privacidad\/#breadcrumb\"},\"inLanguage\":\"en-US\",\"potentialAction\":[{\"@type\":\"ReadAction\",\"target\":[\"https:\/\/www.proptechnia.com\/politica-privacidad\/\"]}]},{\"@type\":\"BreadcrumbList\",\"@id\":\"https:\/\/www.proptechnia.com\/politica-privacidad\/#breadcrumb\",\"itemListElement\":[{\"@type\":\"ListItem\",\"position\":1,\"name\":\"Portada\",\"item\":\"https:\/\/www.proptechnia.com\/\"},{\"@type\":\"ListItem\",\"position\":2,\"name\":\"Pol\u00edtica de privacidad\"}]},{\"@type\":\"WebSite\",\"@id\":\"https:\/\/www.proptechnia.com\/#website\",\"url\":\"https:\/\/www.proptechnia.com\/\",\"name\":\"residencereal.com.mialias.net\",\"description\":\"Soluciones proptech\",\"publisher\":{\"@id\":\"https:\/\/www.proptechnia.com\/#organization\"},\"potentialAction\":[{\"@type\":\"SearchAction\",\"target\":{\"@type\":\"EntryPoint\",\"urlTemplate\":\"https:\/\/www.proptechnia.com\/?s={search_term_string}\"},\"query-input\":\"required name=search_term_string\"}],\"inLanguage\":\"en-US\"},{\"@type\":\"Organization\",\"@id\":\"https:\/\/www.proptechnia.com\/#organization\",\"name\":\"residencereal.com.mialias.net\",\"url\":\"https:\/\/www.proptechnia.com\/\",\"logo\":{\"@type\":\"ImageObject\",\"inLanguage\":\"en-US\",\"@id\":\"https:\/\/www.proptechnia.com\/#\/schema\/logo\/image\/\",\"url\":\"http:\/\/www.residencereal.com.mialias.net\/wp-content\/uploads\/2023\/10\/Logo-Proptechnia-06-Name.jpg\",\"contentUrl\":\"http:\/\/www.residencereal.com.mialias.net\/wp-content\/uploads\/2023\/10\/Logo-Proptechnia-06-Name.jpg\",\"width\":1,\"height\":1,\"caption\":\"residencereal.com.mialias.net\"},\"image\":{\"@id\":\"https:\/\/www.proptechnia.com\/#\/schema\/logo\/image\/\"},\"sameAs\":[\"https:\/\/www.facebook.com\/proptechnia\",\"https:\/\/www.instagram.com\/proptechnia\"]}]}<\/script>\n<!-- \/ Yoast SEO plugin. -->","yoast_head_json":{"title":"Pol\u00edtica de privacidad - proptechnia","robots":{"index":"index","follow":"follow","max-snippet":"max-snippet:-1","max-image-preview":"max-image-preview:large","max-video-preview":"max-video-preview:-1"},"canonical":"https:\/\/www.proptechnia.com\/en\/politica-privacidad\/","og_locale":"en_US","og_type":"article","og_title":"Pol\u00edtica de privacidad - proptechnia","og_description":"Pol\u00edtica de privacidad Qui\u00e9nes somos La direcci\u00f3n de nuestra web es: https:\/\/www.proptechnia.com Comentarios Cuando los visitantes dejan comentarios en la web, recopilamos los datos que se muestran en el formulario de comentarios, as\u00ed como la direcci\u00f3n IP del visitante y la cadena de agentes de usuario del navegador para ayudar a la detecci\u00f3n de spam. Una cadena an\u00f3nima creada a partir de tu direcci\u00f3n ...","og_url":"https:\/\/www.proptechnia.com\/en\/politica-privacidad\/","og_site_name":"proptechnia","article_publisher":"https:\/\/www.facebook.com\/proptechnia","article_modified_time":"2024-06-01T22:33:42+00:00","twitter_card":"summary_large_image","twitter_misc":{"Est. reading time":"3 minutes"},"schema":{"@context":"https:\/\/schema.org","@graph":[{"@type":"WebPage","@id":"https:\/\/www.proptechnia.com\/politica-privacidad\/","url":"https:\/\/www.proptechnia.com\/politica-privacidad\/","name":"Pol\u00edtica de privacidad - proptechnia","isPartOf":{"@id":"https:\/\/www.proptechnia.com\/#website"},"datePublished":"2023-08-09T09:58:51+00:00","dateModified":"2024-06-01T22:33:42+00:00","breadcrumb":{"@id":"https:\/\/www.proptechnia.com\/politica-privacidad\/#breadcrumb"},"inLanguage":"en-US","potentialAction":[{"@type":"ReadAction","target":["https:\/\/www.proptechnia.com\/politica-privacidad\/"]}]},{"@type":"BreadcrumbList","@id":"https:\/\/www.proptechnia.com\/politica-privacidad\/#breadcrumb","itemListElement":[{"@type":"ListItem","position":1,"name":"Portada","item":"https:\/\/www.proptechnia.com\/"},{"@type":"ListItem","position":2,"name":"Pol\u00edtica de privacidad"}]},{"@type":"WebSite","@id":"https:\/\/www.proptechnia.com\/#website","url":"https:\/\/www.proptechnia.com\/","name":"residencereal.com.mialias.net","description":"Soluciones proptech","publisher":{"@id":"https:\/\/www.proptechnia.com\/#organization"},"potentialAction":[{"@type":"SearchAction","target":{"@type":"EntryPoint","urlTemplate":"https:\/\/www.proptechnia.com\/?s={search_term_string}"},"query-input":"required name=search_term_string"}],"inLanguage":"en-US"},{"@type":"Organization","@id":"https:\/\/www.proptechnia.com\/#organization","name":"residencereal.com.mialias.net","url":"https:\/\/www.proptechnia.com\/","logo":{"@type":"ImageObject","inLanguage":"en-US","@id":"https:\/\/www.proptechnia.com\/#\/schema\/logo\/image\/","url":"http:\/\/www.residencereal.com.mialias.net\/wp-content\/uploads\/2023\/10\/Logo-Proptechnia-06-Name.jpg","contentUrl":"http:\/\/www.residencereal.com.mialias.net\/wp-content\/uploads\/2023\/10\/Logo-Proptechnia-06-Name.jpg","width":1,"height":1,"caption":"residencereal.com.mialias.net"},"image":{"@id":"https:\/\/www.proptechnia.com\/#\/schema\/logo\/image\/"},"sameAs":["https:\/\/www.facebook.com\/proptechnia","https:\/\/www.instagram.com\/proptechnia"]}]}},"_links":{"self":[{"href":"https:\/\/www.proptechnia.com\/en\/wp-json\/wp\/v2\/pages\/3","targetHints":{"allow":["GET"]}}],"collection":[{"href":"https:\/\/www.proptechnia.com\/en\/wp-json\/wp\/v2\/pages"}],"about":[{"href":"https:\/\/www.proptechnia.com\/en\/wp-json\/wp\/v2\/types\/page"}],"author":[{"embeddable":true,"href":"https:\/\/www.proptechnia.com\/en\/wp-json\/wp\/v2\/users\/1"}],"replies":[{"embeddable":true,"href":"https:\/\/www.proptechnia.com\/en\/wp-json\/wp\/v2\/comments?post=3"}],"version-history":[{"count":26,"href":"https:\/\/www.proptechnia.com\/en\/wp-json\/wp\/v2\/pages\/3\/revisions"}],"predecessor-version":[{"id":23742,"href":"https:\/\/www.proptechnia.com\/en\/wp-json\/wp\/v2\/pages\/3\/revisions\/23742"}],"wp:attachment":[{"href":"https:\/\/www.proptechnia.com\/en\/wp-json\/wp\/v2\/media?parent=3"}],"curies":[{"name":"wp","href":"https:\/\/api.w.org\/{rel}","templated":true}]}}