{"id":21456,"date":"2024-02-23T14:34:08","date_gmt":"2024-02-23T13:34:08","guid":{"rendered":"http:\/\/www.residencereal.com.mialias.net\/?page_id=21456"},"modified":"2024-06-02T00:34:01","modified_gmt":"2024-06-01T22:34:01","slug":"politica-de-cookies","status":"publish","type":"page","link":"https:\/\/www.proptechnia.com\/en\/politica-de-cookies\/","title":{"rendered":"Cookie policy"},"content":{"rendered":"<div data-elementor-type=\"wp-page\" data-elementor-id=\"21456\" class=\"elementor elementor-21456\" data-elementor-post-type=\"page\">\n\t\t\t\t\t\t\t<div class=\"elementor-element elementor-element-3b68979 e-flex e-con-boxed e-con e-parent\" data-id=\"3b68979\" data-element_type=\"container\" data-settings=\"{&quot;content_width&quot;:&quot;boxed&quot;}\" data-core-v316-plus=\"true\">\n\t\t\t\t\t<div class=\"e-con-inner\">\n\t\t<div class=\"elementor-element elementor-element-65b0b30 e-con-full e-flex e-con e-child\" data-id=\"65b0b30\" data-element_type=\"container\" data-settings=\"{&quot;content_width&quot;:&quot;full&quot;}\">\n\t\t\t\t<div class=\"elementor-element elementor-element-e8014f2 elementor-widget elementor-widget-heading\" data-id=\"e8014f2\" data-element_type=\"widget\" data-widget_type=\"heading.default\">\n\t\t\t\t<div class=\"elementor-widget-container\">\n\t\t\t<style>\/*! elementor - v3.16.0 - 20-09-2023 *\/\n.elementor-heading-title{padding:0;margin:0;line-height:1}.elementor-widget-heading .elementor-heading-title[class*=elementor-size-]>a{color:inherit;font-size:inherit;line-height:inherit}.elementor-widget-heading .elementor-heading-title.elementor-size-small{font-size:15px}.elementor-widget-heading .elementor-heading-title.elementor-size-medium{font-size:19px}.elementor-widget-heading .elementor-heading-title.elementor-size-large{font-size:29px}.elementor-widget-heading .elementor-heading-title.elementor-size-xl{font-size:39px}.elementor-widget-heading .elementor-heading-title.elementor-size-xxl{font-size:59px}<\/style><h2 class=\"elementor-heading-title elementor-size-default\">Cookie policy<\/h2>\t\t<\/div>\n\t\t\t\t<\/div>\n\t\t\t\t<\/div>\n\t\t<div class=\"elementor-element elementor-element-9f39b65 e-con-full e-flex e-con e-child\" data-id=\"9f39b65\" data-element_type=\"container\" data-settings=\"{&quot;content_width&quot;:&quot;full&quot;}\">\n\t\t\t\t<div class=\"elementor-element elementor-element-196c4ea elementor-widget elementor-widget-heading\" data-id=\"196c4ea\" data-element_type=\"widget\" data-widget_type=\"heading.default\">\n\t\t\t\t<div class=\"elementor-widget-container\">\n\t\t\t<p class=\"elementor-heading-title elementor-size-default\">We use cookies for various purposes, including to improve the navigation of the website, to enable functionality, analyze the use of these, collaborate with our marketing studies and activities personalized marketing. By clicking on &#034;Accept all&#034;, you accept that they are saved on your device.<br><br>\n\nWhat is a cookie?<br><br>\n\nCookies are small text files that the websites you visit are saved in your browser, and retrieved whenever you come back to visit. In this way, a website can remember information about your last visit as the language in which you were browsing, or other options. What you avoid by a hand, that to provide this information every time you enter into the web, and on the other allows you to customize the web site to show you information about your last visit.<br><br>\n\nCookies are very important because they help you to navigate through the Internet more and more simple. Among other things, serve to remember your preferences and for example do not have to indicate, each time you enter, the language in which you want to view a web site.<br><br>\n\nWhat are cookies Proptechnia are safe?<br><br>\nYes. Cookies are text files, so they can&#039;t do anything on your computer: they can&#039;t contain a virus or anything harmful; or read in any way for the content of your computer. Can&#039;t access information from your computer or any personal information (such as name, address or payment information). The information that a web site saves in a cookie is information relating to your navigation.<br><br>\n\nCookies Proptechnia the only thing you can do is to store information about your preferences in Proptechnia; and then retrieve the same information that we have saved.<br><br>\n\nWhy Proptechnia use cookies?<br><br>\nBecause we want to give you the best experience on our website, and for that they are essential. In fact, the vast majority of websites use cookies. Proptechnia used for a variety of purposes, among them the need for you to enter in your account, in order to understand what content you care about most and highlight them on the website, and to improve the relevance of the advertisements you see. This serves for the team that is behind the portal to know what users want and can deliver the type of content that they want to find. In the next section you will see in detail what cookies we use.<br><br>\n\nWhat are cookies used Proptechnia?<br><br>Analytics (Google analytics), Social ( Facebook, Instagram, and Linkedin) and Techniques<br> <br>\n\n\nWhy should I keep cookies activated in Proptechnia?<br><br>\nBecause much of the functionality that we offer are based on them. Without cookies you will be able to navigate and use the greater part of the functionalities of the Portal.<br><br>\n\nHow to manage (block or delete) cookies from your browser?<br><br>\nFrom your browser you can see all the information about the cookies that you have installed, for example:<br><br>\n\n\u2022 To know what web sites have been installed cookies, Delete cookies as you want, Configure your browser to not accept cookies or not to accept cookies from certain websites), View the contents of the cookies, etc<br><br>\n\n\nFirefox: Edit Menu &gt; Preferences &gt; Privacy &gt; Tracking\nChrome: (button top left) &gt; Settings -&gt; Show advanced options -&gt; Privacy -&gt; content Settings<br><br>\nInternet Explorer: Tools -&gt; Internet Options -&gt; Privacy -&gt; Settings<br><br>\nSafari: Preferences -&gt; Security<br><br>\nIf your browser is not in the list, we can say that in general this setting is normally found in the Preferences menu \/ Settings \/ Settings (or similar) within your browser.\n<\/p>\t\t<\/div>\n\t\t\t\t<\/div>\n\t\t\t\t<\/div>\n\t\t\t\t\t<\/div>\n\t\t\t\t<\/div>\n\t\t<div class=\"elementor-element elementor-element-ce5f37c e-flex e-con-boxed e-con e-parent\" data-id=\"ce5f37c\" data-element_type=\"container\" data-settings=\"{&quot;content_width&quot;:&quot;boxed&quot;}\" data-core-v316-plus=\"true\">\n\t\t\t\t\t<div class=\"e-con-inner\">\n\t\t\t\t<div class=\"elementor-element elementor-element-49eaa3a elementor-widget elementor-widget-html\" data-id=\"49eaa3a\" data-element_type=\"widget\" data-widget_type=\"html.default\">\n\t\t\t\t<div class=\"elementor-widget-container\">\n\t\t\t<style>\n    .container{\n        padding: 0;\n    margin: 0;\n    width: 100%;\n  \n    background-image: url('https:\/\/www.proptechnia.com\/wp-content\/uploads\/2024\/02\/Image_26.jpg');\n    background-repeat: repeat;\n    }\n    \n    .breadcrumb .active {\n    color: white;\n}\n\n.breadcrumb a {\n    color: white;\n}\n\n@media only screen and (max-width: 700px) {\n\n.breadcrumb_container{\n    margin-left: 25px !important;\n    padding: 0 !important;\n}\n.elementor-element-3b68979      {\n    padding: 0 !important;\n}\n\n}\n<\/style>\t\t<\/div>\n\t\t\t\t<\/div>\n\t\t\t\t\t<\/div>\n\t\t\t\t<\/div>\n\t\t\t\t\t\t\t<\/div>","protected":false},"excerpt":{"rendered":"<p>Pol\u00edtica de cookies Utilizamos cookies para varios prop\u00f3sitos, incluyendo mejorar la navegaci\u00f3n del sitio web, habilitar funcionalidades, analizar el uso de estas, colaborar con nuestros estudios de marketing y actividades de marketing personalizadas. Al hacer clic en \u00abAceptar todas\u00bb, aceptas que \u00e9stas se guarden en tu dispositivo. \u00bfQu\u00e9 es una cookie? Las cookies son peque\u00f1os archivos de texto que los sitios web que visitas &#8230;<\/p>","protected":false},"author":1,"featured_media":0,"parent":0,"menu_order":0,"comment_status":"closed","ping_status":"open","template":"","meta":{"footnotes":""},"class_list":["post-21456","page","type-page","status-publish","hentry"],"acf":[],"yoast_head":"<!-- This site is optimized with the Yoast SEO plugin v21.9.1 - https:\/\/yoast.com\/wordpress\/plugins\/seo\/ -->\n<title>Pol\u00edtica de Cookies - proptechnia<\/title>\n<meta name=\"robots\" content=\"index, follow, max-snippet:-1, max-image-preview:large, max-video-preview:-1\" \/>\n<link rel=\"canonical\" href=\"https:\/\/www.proptechnia.com\/en\/politica-de-cookies\/\" \/>\n<meta property=\"og:locale\" content=\"en_US\" \/>\n<meta property=\"og:type\" content=\"article\" \/>\n<meta property=\"og:title\" content=\"Pol\u00edtica de Cookies - proptechnia\" \/>\n<meta property=\"og:description\" content=\"Pol\u00edtica de cookies Utilizamos cookies para varios prop\u00f3sitos, incluyendo mejorar la navegaci\u00f3n del sitio web, habilitar funcionalidades, analizar el uso de estas, colaborar con nuestros estudios de marketing y actividades de marketing personalizadas. Al hacer clic en \u00abAceptar todas\u00bb, aceptas que \u00e9stas se guarden en tu dispositivo. \u00bfQu\u00e9 es una cookie? Las cookies son peque\u00f1os archivos de texto que los sitios web que visitas ...\" \/>\n<meta property=\"og:url\" content=\"https:\/\/www.proptechnia.com\/en\/politica-de-cookies\/\" \/>\n<meta property=\"og:site_name\" content=\"proptechnia\" \/>\n<meta property=\"article:publisher\" content=\"https:\/\/www.facebook.com\/proptechnia\" \/>\n<meta property=\"article:modified_time\" content=\"2024-06-01T22:34:01+00:00\" \/>\n<meta name=\"twitter:card\" content=\"summary_large_image\" \/>\n<meta name=\"twitter:label1\" content=\"Est. reading time\" \/>\n\t<meta name=\"twitter:data1\" content=\"3 minutes\" \/>\n<script type=\"application\/ld+json\" class=\"yoast-schema-graph\">{\"@context\":\"https:\/\/schema.org\",\"@graph\":[{\"@type\":\"WebPage\",\"@id\":\"https:\/\/www.proptechnia.com\/politica-de-cookies\/\",\"url\":\"https:\/\/www.proptechnia.com\/politica-de-cookies\/\",\"name\":\"Pol\u00edtica de Cookies - proptechnia\",\"isPartOf\":{\"@id\":\"https:\/\/www.proptechnia.com\/#website\"},\"datePublished\":\"2024-02-23T13:34:08+00:00\",\"dateModified\":\"2024-06-01T22:34:01+00:00\",\"breadcrumb\":{\"@id\":\"https:\/\/www.proptechnia.com\/politica-de-cookies\/#breadcrumb\"},\"inLanguage\":\"en-US\",\"potentialAction\":[{\"@type\":\"ReadAction\",\"target\":[\"https:\/\/www.proptechnia.com\/politica-de-cookies\/\"]}]},{\"@type\":\"BreadcrumbList\",\"@id\":\"https:\/\/www.proptechnia.com\/politica-de-cookies\/#breadcrumb\",\"itemListElement\":[{\"@type\":\"ListItem\",\"position\":1,\"name\":\"Portada\",\"item\":\"https:\/\/www.proptechnia.com\/\"},{\"@type\":\"ListItem\",\"position\":2,\"name\":\"Pol\u00edtica de Cookies\"}]},{\"@type\":\"WebSite\",\"@id\":\"https:\/\/www.proptechnia.com\/#website\",\"url\":\"https:\/\/www.proptechnia.com\/\",\"name\":\"residencereal.com.mialias.net\",\"description\":\"Soluciones proptech\",\"publisher\":{\"@id\":\"https:\/\/www.proptechnia.com\/#organization\"},\"potentialAction\":[{\"@type\":\"SearchAction\",\"target\":{\"@type\":\"EntryPoint\",\"urlTemplate\":\"https:\/\/www.proptechnia.com\/?s={search_term_string}\"},\"query-input\":\"required name=search_term_string\"}],\"inLanguage\":\"en-US\"},{\"@type\":\"Organization\",\"@id\":\"https:\/\/www.proptechnia.com\/#organization\",\"name\":\"residencereal.com.mialias.net\",\"url\":\"https:\/\/www.proptechnia.com\/\",\"logo\":{\"@type\":\"ImageObject\",\"inLanguage\":\"en-US\",\"@id\":\"https:\/\/www.proptechnia.com\/#\/schema\/logo\/image\/\",\"url\":\"http:\/\/www.residencereal.com.mialias.net\/wp-content\/uploads\/2023\/10\/Logo-Proptechnia-06-Name.jpg\",\"contentUrl\":\"http:\/\/www.residencereal.com.mialias.net\/wp-content\/uploads\/2023\/10\/Logo-Proptechnia-06-Name.jpg\",\"width\":1,\"height\":1,\"caption\":\"residencereal.com.mialias.net\"},\"image\":{\"@id\":\"https:\/\/www.proptechnia.com\/#\/schema\/logo\/image\/\"},\"sameAs\":[\"https:\/\/www.facebook.com\/proptechnia\",\"https:\/\/www.instagram.com\/proptechnia\"]}]}<\/script>\n<!-- \/ Yoast SEO plugin. -->","yoast_head_json":{"title":"Pol\u00edtica de Cookies - proptechnia","robots":{"index":"index","follow":"follow","max-snippet":"max-snippet:-1","max-image-preview":"max-image-preview:large","max-video-preview":"max-video-preview:-1"},"canonical":"https:\/\/www.proptechnia.com\/en\/politica-de-cookies\/","og_locale":"en_US","og_type":"article","og_title":"Pol\u00edtica de Cookies - proptechnia","og_description":"Pol\u00edtica de cookies Utilizamos cookies para varios prop\u00f3sitos, incluyendo mejorar la navegaci\u00f3n del sitio web, habilitar funcionalidades, analizar el uso de estas, colaborar con nuestros estudios de marketing y actividades de marketing personalizadas. Al hacer clic en \u00abAceptar todas\u00bb, aceptas que \u00e9stas se guarden en tu dispositivo. \u00bfQu\u00e9 es una cookie? Las cookies son peque\u00f1os archivos de texto que los sitios web que visitas ...","og_url":"https:\/\/www.proptechnia.com\/en\/politica-de-cookies\/","og_site_name":"proptechnia","article_publisher":"https:\/\/www.facebook.com\/proptechnia","article_modified_time":"2024-06-01T22:34:01+00:00","twitter_card":"summary_large_image","twitter_misc":{"Est. reading time":"3 minutes"},"schema":{"@context":"https:\/\/schema.org","@graph":[{"@type":"WebPage","@id":"https:\/\/www.proptechnia.com\/politica-de-cookies\/","url":"https:\/\/www.proptechnia.com\/politica-de-cookies\/","name":"Pol\u00edtica de Cookies - proptechnia","isPartOf":{"@id":"https:\/\/www.proptechnia.com\/#website"},"datePublished":"2024-02-23T13:34:08+00:00","dateModified":"2024-06-01T22:34:01+00:00","breadcrumb":{"@id":"https:\/\/www.proptechnia.com\/politica-de-cookies\/#breadcrumb"},"inLanguage":"en-US","potentialAction":[{"@type":"ReadAction","target":["https:\/\/www.proptechnia.com\/politica-de-cookies\/"]}]},{"@type":"BreadcrumbList","@id":"https:\/\/www.proptechnia.com\/politica-de-cookies\/#breadcrumb","itemListElement":[{"@type":"ListItem","position":1,"name":"Portada","item":"https:\/\/www.proptechnia.com\/"},{"@type":"ListItem","position":2,"name":"Pol\u00edtica de Cookies"}]},{"@type":"WebSite","@id":"https:\/\/www.proptechnia.com\/#website","url":"https:\/\/www.proptechnia.com\/","name":"residencereal.com.mialias.net","description":"Soluciones proptech","publisher":{"@id":"https:\/\/www.proptechnia.com\/#organization"},"potentialAction":[{"@type":"SearchAction","target":{"@type":"EntryPoint","urlTemplate":"https:\/\/www.proptechnia.com\/?s={search_term_string}"},"query-input":"required name=search_term_string"}],"inLanguage":"en-US"},{"@type":"Organization","@id":"https:\/\/www.proptechnia.com\/#organization","name":"residencereal.com.mialias.net","url":"https:\/\/www.proptechnia.com\/","logo":{"@type":"ImageObject","inLanguage":"en-US","@id":"https:\/\/www.proptechnia.com\/#\/schema\/logo\/image\/","url":"http:\/\/www.residencereal.com.mialias.net\/wp-content\/uploads\/2023\/10\/Logo-Proptechnia-06-Name.jpg","contentUrl":"http:\/\/www.residencereal.com.mialias.net\/wp-content\/uploads\/2023\/10\/Logo-Proptechnia-06-Name.jpg","width":1,"height":1,"caption":"residencereal.com.mialias.net"},"image":{"@id":"https:\/\/www.proptechnia.com\/#\/schema\/logo\/image\/"},"sameAs":["https:\/\/www.facebook.com\/proptechnia","https:\/\/www.instagram.com\/proptechnia"]}]}},"_links":{"self":[{"href":"https:\/\/www.proptechnia.com\/en\/wp-json\/wp\/v2\/pages\/21456","targetHints":{"allow":["GET"]}}],"collection":[{"href":"https:\/\/www.proptechnia.com\/en\/wp-json\/wp\/v2\/pages"}],"about":[{"href":"https:\/\/www.proptechnia.com\/en\/wp-json\/wp\/v2\/types\/page"}],"author":[{"embeddable":true,"href":"https:\/\/www.proptechnia.com\/en\/wp-json\/wp\/v2\/users\/1"}],"replies":[{"embeddable":true,"href":"https:\/\/www.proptechnia.com\/en\/wp-json\/wp\/v2\/comments?post=21456"}],"version-history":[{"count":25,"href":"https:\/\/www.proptechnia.com\/en\/wp-json\/wp\/v2\/pages\/21456\/revisions"}],"predecessor-version":[{"id":23745,"href":"https:\/\/www.proptechnia.com\/en\/wp-json\/wp\/v2\/pages\/21456\/revisions\/23745"}],"wp:attachment":[{"href":"https:\/\/www.proptechnia.com\/en\/wp-json\/wp\/v2\/media?parent=21456"}],"curies":[{"name":"wp","href":"https:\/\/api.w.org\/{rel}","templated":true}]}}