{"id":20075,"date":"2023-12-04T21:30:17","date_gmt":"2023-12-04T20:30:17","guid":{"rendered":"http:\/\/www.residencereal.com.mialias.net\/?page_id=20075"},"modified":"2024-05-03T14:39:35","modified_gmt":"2024-05-03T12:39:35","slug":"proptech","status":"publish","type":"page","link":"https:\/\/www.proptechnia.com\/en\/proptech\/","title":{"rendered":"Proptech"},"content":{"rendered":"<div data-elementor-type=\"wp-page\" data-elementor-id=\"20075\" class=\"elementor elementor-20075\" data-elementor-post-type=\"page\">\n\t\t\t\t\t\t\t<div class=\"elementor-element elementor-element-1c65a31 e-flex e-con-boxed e-con e-parent\" data-id=\"1c65a31\" data-element_type=\"container\" data-settings=\"{&quot;content_width&quot;:&quot;boxed&quot;}\" data-core-v316-plus=\"true\">\n\t\t\t\t\t<div class=\"e-con-inner\">\n\t\t<div class=\"elementor-element elementor-element-4868d4f e-con-full e-flex e-con e-child\" data-id=\"4868d4f\" data-element_type=\"container\" data-settings=\"{&quot;content_width&quot;:&quot;full&quot;}\">\n\t\t\t\t<div class=\"elementor-element elementor-element-a7c8a3e elementor-widget elementor-widget-heading\" data-id=\"a7c8a3e\" data-element_type=\"widget\" data-widget_type=\"heading.default\">\n\t\t\t\t<div class=\"elementor-widget-container\">\n\t\t\t<style>\/*! elementor - v3.16.0 - 20-09-2023 *\/\n.elementor-heading-title{padding:0;margin:0;line-height:1}.elementor-widget-heading .elementor-heading-title[class*=elementor-size-]>a{color:inherit;font-size:inherit;line-height:inherit}.elementor-widget-heading .elementor-heading-title.elementor-size-small{font-size:15px}.elementor-widget-heading .elementor-heading-title.elementor-size-medium{font-size:19px}.elementor-widget-heading .elementor-heading-title.elementor-size-large{font-size:29px}.elementor-widget-heading .elementor-heading-title.elementor-size-xl{font-size:39px}.elementor-widget-heading .elementor-heading-title.elementor-size-xxl{font-size:59px}<\/style><h3 class=\"elementor-heading-title elementor-size-default\">What is Proptech?<\/h3>\t\t<\/div>\n\t\t\t\t<\/div>\n\t\t\t\t<div class=\"elementor-element elementor-element-37702db elementor-widget elementor-widget-heading\" data-id=\"37702db\" data-element_type=\"widget\" data-widget_type=\"heading.default\">\n\t\t\t\t<div class=\"elementor-widget-container\">\n\t\t\t<p class=\"elementor-heading-title elementor-size-default\">The term \u201cPropTech\u201d is the fusion of the words <em>property<\/em> (property) and <em>\ntechnology<\/em> (technology) and it refers to the digitization of the real estate sector.\n\nThe PropTech is the result of the application of cutting-edge technologies to the real estate sector, which allows both the development of new products and services, such as the optimization and improvement of existing ones.\n\nSupposed a revolution in regard to the activity in traditional real estate, allowing you to increase the efficiency and agility, reduce operating costs and even provide new and better services for the customers.\n\nOur experts will help you choose the best solution PropTech for your company, providing you an optimal return. Add value to your assets and your company with the solutions that we offer.\n<\/p>\t\t<\/div>\n\t\t\t\t<\/div>\n\t\t\t\t<div class=\"elementor-element elementor-element-2dd9e2f elementor-widget elementor-widget-heading\" data-id=\"2dd9e2f\" data-element_type=\"widget\" data-widget_type=\"heading.default\">\n\t\t\t\t<div class=\"elementor-widget-container\">\n\t\t\t<h3 class=\"elementor-heading-title elementor-size-default\">Why you should invest in Proptech?<\/h3>\t\t<\/div>\n\t\t\t\t<\/div>\n\t\t\t\t<div class=\"elementor-element elementor-element-6c04841 elementor-widget elementor-widget-heading\" data-id=\"6c04841\" data-element_type=\"widget\" data-widget_type=\"heading.default\">\n\t\t\t\t<div class=\"elementor-widget-container\">\n\t\t\t<p class=\"elementor-heading-title elementor-size-default\">The digitization of the economy is unstoppable. And the real estate sector cannot be oblivious to this transformation that today allows for differentiation in a market increasingly crowded and demanding. However, this process will not stop, and what now seems like a revolution in a few years will be a need to maintain the competitiveness in areas such as:<br><br>\n\n\u2022 Efficiency, automation and cost reduction<br>\n\u2022 Boosting innovation and disruption in the real estate sector<br>\n\u2022 Improving the user experience\n<\/p>\t\t<\/div>\n\t\t\t\t<\/div>\n\t\t\t\t<div class=\"elementor-element elementor-element-286776d elementor-widget elementor-widget-heading\" data-id=\"286776d\" data-element_type=\"widget\" data-widget_type=\"heading.default\">\n\t\t\t\t<div class=\"elementor-widget-container\">\n\t\t\t<h3 class=\"elementor-heading-title elementor-size-default\">Benefits of Proptech<\/h3>\t\t<\/div>\n\t\t\t\t<\/div>\n\t\t\t\t<div class=\"elementor-element elementor-element-17e237d elementor-widget elementor-widget-heading\" data-id=\"17e237d\" data-element_type=\"widget\" data-widget_type=\"heading.default\">\n\t\t\t\t<div class=\"elementor-widget-container\">\n\t\t\t<p class=\"elementor-heading-title elementor-size-default\">There are many benefits to be derived from the digitization of business processes in the real estate sector, among which we highlight:<br><br>\n\u2022 Increase the efficiency and profitability<br>\n\u2022 Rationalization, digitization and automation of processes<br>\n\u2022 Optimization of the operation and management of buildings: cost and time Savings<br>\n\u2022 Increased competitiveness<br>\n\u2022 Access from any location\/device<br>\n\u2022 Increase the satisfaction and loyalty of the tenants<br>\n\u2022 Increase in the value of the assets<br>\n\u2022 Compliance with ESG\n\n\n\n<\/p>\t\t<\/div>\n\t\t\t\t<\/div>\n\t\t\t\t<\/div>\n\t\t\t\t\t<\/div>\n\t\t\t\t<\/div>\n\t\t<div class=\"elementor-element elementor-element-438849a e-flex e-con-boxed e-con e-parent\" data-id=\"438849a\" data-element_type=\"container\" data-settings=\"{&quot;content_width&quot;:&quot;boxed&quot;}\" data-core-v316-plus=\"true\">\n\t\t\t\t\t<div class=\"e-con-inner\">\n\t\t\t\t<div class=\"elementor-element elementor-element-2a33ee2 elementor-widget elementor-widget-html\" data-id=\"2a33ee2\" data-element_type=\"widget\" data-widget_type=\"html.default\">\n\t\t\t\t<div class=\"elementor-widget-container\">\n\t\t\t<style>\n    .container{\n        padding: 0;\n    margin: 0;\n    width: 100%;\n  \n    background-image: url('https:\/\/www.proptechnia.com\/wp-content\/uploads\/2024\/02\/Image_40.jpg');\n    background-size: cover; \n    background-position: center; \n    background-repeat: no-repeat;\n    }\n    \n    .breadcrumb .active {\n    color: white;\n}\n\n.breadcrumb a {\n    color: white;\n}\n.breadcrumb_container {\n    padding: 0;\n}\n.content_wrapper {\n    padding: 0px 0px 0px 0px !important;\n}\n@media only screen and (max-width: 700px) {\n\n.breadcrumb_container{\n    margin-left: 25px !important;\n}\n.elementor-element-4868d4f{\n    padding: 0 !important;\n}\n}\n<\/style>\t\t<\/div>\n\t\t\t\t<\/div>\n\t\t\t\t\t<\/div>\n\t\t\t\t<\/div>\n\t\t\t\t\t\t\t<\/div>","protected":false},"excerpt":{"rendered":"<p>\u00bfQu\u00e9 es Proptech? El t\u00e9rmino \u201cPropTech\u201d es la fusi\u00f3n de las palabras property (propiedad) y technology (tecnolog\u00eda) y hace referencia a la digitalizaci\u00f3n del sector inmobiliario. El PropTech es el resultado de la aplicaci\u00f3n de tecnolog\u00edas de vanguardia al sector inmobiliario, lo cual permite tanto el desarrollo de nuevos productos y servicios como la optimizaci\u00f3n y mejora de los ya existentes. Supone una revoluci\u00f3n &#8230;<\/p>","protected":false},"author":1,"featured_media":0,"parent":0,"menu_order":0,"comment_status":"closed","ping_status":"closed","template":"","meta":{"footnotes":""},"class_list":["post-20075","page","type-page","status-publish","hentry"],"acf":[],"yoast_head":"<!-- This site is optimized with the Yoast SEO plugin v21.9.1 - https:\/\/yoast.com\/wordpress\/plugins\/seo\/ -->\n<title>Proptech - proptechnia<\/title>\n<meta name=\"description\" content=\"PropTech es la aplicaci\u00f3n de tecnolog\u00edas de vanguardia al sector inmobiliario para el desarrollo de nuevos productos y servicios.\" \/>\n<meta name=\"robots\" content=\"index, follow, max-snippet:-1, max-image-preview:large, max-video-preview:-1\" \/>\n<link rel=\"canonical\" href=\"https:\/\/www.proptechnia.com\/en\/proptech\/\" \/>\n<meta property=\"og:locale\" content=\"en_US\" \/>\n<meta property=\"og:type\" content=\"article\" \/>\n<meta property=\"og:title\" content=\"Proptech - proptechnia\" \/>\n<meta property=\"og:description\" content=\"PropTech es la aplicaci\u00f3n de tecnolog\u00edas de vanguardia al sector inmobiliario para el desarrollo de nuevos productos y servicios.\" \/>\n<meta property=\"og:url\" content=\"https:\/\/www.proptechnia.com\/en\/proptech\/\" \/>\n<meta property=\"og:site_name\" content=\"proptechnia\" \/>\n<meta property=\"article:publisher\" content=\"https:\/\/www.facebook.com\/proptechnia\" \/>\n<meta property=\"article:modified_time\" content=\"2024-05-03T12:39:35+00:00\" \/>\n<meta name=\"twitter:card\" content=\"summary_large_image\" \/>\n<meta name=\"twitter:label1\" content=\"Est. reading time\" \/>\n\t<meta name=\"twitter:data1\" content=\"2 minutes\" \/>\n<script type=\"application\/ld+json\" class=\"yoast-schema-graph\">{\"@context\":\"https:\/\/schema.org\",\"@graph\":[{\"@type\":\"WebPage\",\"@id\":\"https:\/\/www.proptechnia.com\/proptech\/\",\"url\":\"https:\/\/www.proptechnia.com\/proptech\/\",\"name\":\"Proptech - proptechnia\",\"isPartOf\":{\"@id\":\"https:\/\/www.proptechnia.com\/#website\"},\"datePublished\":\"2023-12-04T20:30:17+00:00\",\"dateModified\":\"2024-05-03T12:39:35+00:00\",\"description\":\"PropTech es la aplicaci\u00f3n de tecnolog\u00edas de vanguardia al sector inmobiliario para el desarrollo de nuevos productos y servicios.\",\"breadcrumb\":{\"@id\":\"https:\/\/www.proptechnia.com\/proptech\/#breadcrumb\"},\"inLanguage\":\"en-US\",\"potentialAction\":[{\"@type\":\"ReadAction\",\"target\":[\"https:\/\/www.proptechnia.com\/proptech\/\"]}]},{\"@type\":\"BreadcrumbList\",\"@id\":\"https:\/\/www.proptechnia.com\/proptech\/#breadcrumb\",\"itemListElement\":[{\"@type\":\"ListItem\",\"position\":1,\"name\":\"Portada\",\"item\":\"https:\/\/www.proptechnia.com\/\"},{\"@type\":\"ListItem\",\"position\":2,\"name\":\"Proptech\"}]},{\"@type\":\"WebSite\",\"@id\":\"https:\/\/www.proptechnia.com\/#website\",\"url\":\"https:\/\/www.proptechnia.com\/\",\"name\":\"residencereal.com.mialias.net\",\"description\":\"Soluciones proptech\",\"publisher\":{\"@id\":\"https:\/\/www.proptechnia.com\/#organization\"},\"potentialAction\":[{\"@type\":\"SearchAction\",\"target\":{\"@type\":\"EntryPoint\",\"urlTemplate\":\"https:\/\/www.proptechnia.com\/?s={search_term_string}\"},\"query-input\":\"required name=search_term_string\"}],\"inLanguage\":\"en-US\"},{\"@type\":\"Organization\",\"@id\":\"https:\/\/www.proptechnia.com\/#organization\",\"name\":\"residencereal.com.mialias.net\",\"url\":\"https:\/\/www.proptechnia.com\/\",\"logo\":{\"@type\":\"ImageObject\",\"inLanguage\":\"en-US\",\"@id\":\"https:\/\/www.proptechnia.com\/#\/schema\/logo\/image\/\",\"url\":\"http:\/\/www.residencereal.com.mialias.net\/wp-content\/uploads\/2023\/10\/Logo-Proptechnia-06-Name.jpg\",\"contentUrl\":\"http:\/\/www.residencereal.com.mialias.net\/wp-content\/uploads\/2023\/10\/Logo-Proptechnia-06-Name.jpg\",\"width\":1,\"height\":1,\"caption\":\"residencereal.com.mialias.net\"},\"image\":{\"@id\":\"https:\/\/www.proptechnia.com\/#\/schema\/logo\/image\/\"},\"sameAs\":[\"https:\/\/www.facebook.com\/proptechnia\",\"https:\/\/www.instagram.com\/proptechnia\"]}]}<\/script>\n<!-- \/ Yoast SEO plugin. -->","yoast_head_json":{"title":"Proptech - proptechnia","description":"PropTech es la aplicaci\u00f3n de tecnolog\u00edas de vanguardia al sector inmobiliario para el desarrollo de nuevos productos y servicios.","robots":{"index":"index","follow":"follow","max-snippet":"max-snippet:-1","max-image-preview":"max-image-preview:large","max-video-preview":"max-video-preview:-1"},"canonical":"https:\/\/www.proptechnia.com\/en\/proptech\/","og_locale":"en_US","og_type":"article","og_title":"Proptech - proptechnia","og_description":"PropTech es la aplicaci\u00f3n de tecnolog\u00edas de vanguardia al sector inmobiliario para el desarrollo de nuevos productos y servicios.","og_url":"https:\/\/www.proptechnia.com\/en\/proptech\/","og_site_name":"proptechnia","article_publisher":"https:\/\/www.facebook.com\/proptechnia","article_modified_time":"2024-05-03T12:39:35+00:00","twitter_card":"summary_large_image","twitter_misc":{"Est. reading time":"2 minutes"},"schema":{"@context":"https:\/\/schema.org","@graph":[{"@type":"WebPage","@id":"https:\/\/www.proptechnia.com\/proptech\/","url":"https:\/\/www.proptechnia.com\/proptech\/","name":"Proptech - proptechnia","isPartOf":{"@id":"https:\/\/www.proptechnia.com\/#website"},"datePublished":"2023-12-04T20:30:17+00:00","dateModified":"2024-05-03T12:39:35+00:00","description":"PropTech es la aplicaci\u00f3n de tecnolog\u00edas de vanguardia al sector inmobiliario para el desarrollo de nuevos productos y servicios.","breadcrumb":{"@id":"https:\/\/www.proptechnia.com\/proptech\/#breadcrumb"},"inLanguage":"en-US","potentialAction":[{"@type":"ReadAction","target":["https:\/\/www.proptechnia.com\/proptech\/"]}]},{"@type":"BreadcrumbList","@id":"https:\/\/www.proptechnia.com\/proptech\/#breadcrumb","itemListElement":[{"@type":"ListItem","position":1,"name":"Portada","item":"https:\/\/www.proptechnia.com\/"},{"@type":"ListItem","position":2,"name":"Proptech"}]},{"@type":"WebSite","@id":"https:\/\/www.proptechnia.com\/#website","url":"https:\/\/www.proptechnia.com\/","name":"residencereal.com.mialias.net","description":"Soluciones proptech","publisher":{"@id":"https:\/\/www.proptechnia.com\/#organization"},"potentialAction":[{"@type":"SearchAction","target":{"@type":"EntryPoint","urlTemplate":"https:\/\/www.proptechnia.com\/?s={search_term_string}"},"query-input":"required name=search_term_string"}],"inLanguage":"en-US"},{"@type":"Organization","@id":"https:\/\/www.proptechnia.com\/#organization","name":"residencereal.com.mialias.net","url":"https:\/\/www.proptechnia.com\/","logo":{"@type":"ImageObject","inLanguage":"en-US","@id":"https:\/\/www.proptechnia.com\/#\/schema\/logo\/image\/","url":"http:\/\/www.residencereal.com.mialias.net\/wp-content\/uploads\/2023\/10\/Logo-Proptechnia-06-Name.jpg","contentUrl":"http:\/\/www.residencereal.com.mialias.net\/wp-content\/uploads\/2023\/10\/Logo-Proptechnia-06-Name.jpg","width":1,"height":1,"caption":"residencereal.com.mialias.net"},"image":{"@id":"https:\/\/www.proptechnia.com\/#\/schema\/logo\/image\/"},"sameAs":["https:\/\/www.facebook.com\/proptechnia","https:\/\/www.instagram.com\/proptechnia"]}]}},"_links":{"self":[{"href":"https:\/\/www.proptechnia.com\/en\/wp-json\/wp\/v2\/pages\/20075","targetHints":{"allow":["GET"]}}],"collection":[{"href":"https:\/\/www.proptechnia.com\/en\/wp-json\/wp\/v2\/pages"}],"about":[{"href":"https:\/\/www.proptechnia.com\/en\/wp-json\/wp\/v2\/types\/page"}],"author":[{"embeddable":true,"href":"https:\/\/www.proptechnia.com\/en\/wp-json\/wp\/v2\/users\/1"}],"replies":[{"embeddable":true,"href":"https:\/\/www.proptechnia.com\/en\/wp-json\/wp\/v2\/comments?post=20075"}],"version-history":[{"count":74,"href":"https:\/\/www.proptechnia.com\/en\/wp-json\/wp\/v2\/pages\/20075\/revisions"}],"predecessor-version":[{"id":22881,"href":"https:\/\/www.proptechnia.com\/en\/wp-json\/wp\/v2\/pages\/20075\/revisions\/22881"}],"wp:attachment":[{"href":"https:\/\/www.proptechnia.com\/en\/wp-json\/wp\/v2\/media?parent=20075"}],"curies":[{"name":"wp","href":"https:\/\/api.w.org\/{rel}","templated":true}]}}