{"id":19434,"date":"2023-10-05T21:40:04","date_gmt":"2023-10-05T19:40:04","guid":{"rendered":"http:\/\/www.residencereal.com.mialias.net\/?page_id=19434"},"modified":"2024-03-15T23:56:47","modified_gmt":"2024-03-15T22:56:47","slug":"quien-somos","status":"publish","type":"page","link":"https:\/\/www.proptechnia.com\/en\/quien-somos\/","title":{"rendered":"Who we are"},"content":{"rendered":"<div data-elementor-type=\"wp-page\" data-elementor-id=\"19434\" class=\"elementor elementor-19434\" data-elementor-post-type=\"page\">\n\t\t\t\t\t\t\t<div class=\"elementor-element elementor-element-e83f60c e-flex e-con-boxed e-con e-parent\" data-id=\"e83f60c\" data-element_type=\"container\" data-settings=\"{&quot;content_width&quot;:&quot;boxed&quot;}\" data-core-v316-plus=\"true\">\n\t\t\t\t\t<div class=\"e-con-inner\">\n\t\t<div class=\"elementor-element elementor-element-a834704 e-con-full e-flex e-con e-child\" data-id=\"a834704\" data-element_type=\"container\" data-settings=\"{&quot;content_width&quot;:&quot;full&quot;}\">\n\t\t\t\t<div class=\"elementor-element elementor-element-07adfc8 elementor-widget elementor-widget-heading\" data-id=\"07adfc8\" data-element_type=\"widget\" data-widget_type=\"heading.default\">\n\t\t\t\t<div class=\"elementor-widget-container\">\n\t\t\t<style>\/*! elementor - v3.16.0 - 20-09-2023 *\/\n.elementor-heading-title{padding:0;margin:0;line-height:1}.elementor-widget-heading .elementor-heading-title[class*=elementor-size-]>a{color:inherit;font-size:inherit;line-height:inherit}.elementor-widget-heading .elementor-heading-title.elementor-size-small{font-size:15px}.elementor-widget-heading .elementor-heading-title.elementor-size-medium{font-size:19px}.elementor-widget-heading .elementor-heading-title.elementor-size-large{font-size:29px}.elementor-widget-heading .elementor-heading-title.elementor-size-xl{font-size:39px}.elementor-widget-heading .elementor-heading-title.elementor-size-xxl{font-size:59px}<\/style><h2 class=\"elementor-heading-title elementor-size-default\">Who we are?<\/h2>\t\t<\/div>\n\t\t\t\t<\/div>\n\t\t\t\t<div class=\"elementor-element elementor-element-00e7c15 elementor-widget elementor-widget-heading\" data-id=\"00e7c15\" data-element_type=\"widget\" data-widget_type=\"heading.default\">\n\t\t\t\t<div class=\"elementor-widget-container\">\n\t\t\t<p class=\"elementor-heading-title elementor-size-default\">Proptechnia is a platform that facilitates access to solutions PropTech to digitize your business.<br><br>\nOur goal is to facilitate the access to the technologies PropTech to the most diverse actors in the real estate market, bringing together in one place the most diverse and qualified digital solutions. <br><br>\n\nProptechnia distributed in Spain, Portugal and Andorra, solutions of the best and most reputable developers at the international level to optimize, improve and make more robust business processes. In this way, at the same time that will increase your productivity and add value, you will differentiate yourself in the market. <br><br>\n\nProfessionals proptechnia we have an experience of over three decades in the real estate sector. It is for this reason that we know, and understand their processes, which in turn helps us offer the technological solutions that will give you a greater value. We know the needs of our customers and we speak the same language.<\/p>\t\t<\/div>\n\t\t\t\t<\/div>\n\t\t\t\t<\/div>\n\t\t\t\t\t<\/div>\n\t\t\t\t<\/div>\n\t\t<div class=\"elementor-element elementor-element-ed10d0e e-flex e-con-boxed e-con e-parent\" data-id=\"ed10d0e\" data-element_type=\"container\" data-settings=\"{&quot;content_width&quot;:&quot;boxed&quot;}\" data-core-v316-plus=\"true\">\n\t\t\t\t\t<div class=\"e-con-inner\">\n\t\t\t\t<div class=\"elementor-element elementor-element-a360e12 elementor-widget elementor-widget-html\" data-id=\"a360e12\" data-element_type=\"widget\" data-widget_type=\"html.default\">\n\t\t\t\t<div class=\"elementor-widget-container\">\n\t\t\t<style>\n    .container{\n        padding: 0;\n    margin: 0;\n    width: 100%;\n  \n    background-image: url('https:\/\/www.proptechnia.com\/wp-content\/uploads\/2024\/02\/Image_22.jpg');\n    background-size: cover; \n    background-position: center; \n    background-repeat: no-repeat;\n    }\n    \n    .breadcrumb .active {\n    color: white;\n}\n\n.breadcrumb a {\n    color: white;\n}\n.breadcrumb_container {\n    padding: 0;\n}\n.content_wrapper {\n    padding: 0px 0px 0px 0px !important;\n}\n@media only screen and (max-width: 700px) {\n\n.breadcrumb_container{\n    margin-left: 25px !important;\n}\n.elementor-element-a834704   {\n    padding: 0 !important;\n}\n\n}\n<\/style>\t\t<\/div>\n\t\t\t\t<\/div>\n\t\t\t\t\t<\/div>\n\t\t\t\t<\/div>\n\t\t\t\t\t\t\t<\/div>","protected":false},"excerpt":{"rendered":"<p>\u00bfQui\u00e9n somos? Proptechnia es una plataforma que facilita el acceso a soluciones PropTech para digitalizar su negocio. Nuestro objetivo es facilitar el acceso a las tecnolog\u00edas PropTech a los m\u00e1s diversos actores del mercado inmobiliario, reuniendo en un solo lugar las m\u00e1s diversas y cualificadas soluciones digitales. Proptechnia distribuye en Espa\u00f1a, Portugal y Andorra soluciones de los mejores y m\u00e1s reputados desarrolladores a nivel &#8230;<\/p>","protected":false},"author":1,"featured_media":0,"parent":0,"menu_order":0,"comment_status":"closed","ping_status":"closed","template":"","meta":{"footnotes":""},"class_list":["post-19434","page","type-page","status-publish","hentry"],"acf":[],"yoast_head":"<!-- This site is optimized with the Yoast SEO plugin v21.9.1 - https:\/\/yoast.com\/wordpress\/plugins\/seo\/ -->\n<title>Qui\u00e9n somos - proptechnia<\/title>\n<meta name=\"robots\" content=\"index, follow, max-snippet:-1, max-image-preview:large, max-video-preview:-1\" \/>\n<link rel=\"canonical\" href=\"https:\/\/www.proptechnia.com\/en\/quien-somos\/\" \/>\n<meta property=\"og:locale\" content=\"en_US\" \/>\n<meta property=\"og:type\" content=\"article\" \/>\n<meta property=\"og:title\" content=\"Qui\u00e9n somos - proptechnia\" \/>\n<meta property=\"og:description\" content=\"\u00bfQui\u00e9n somos? Proptechnia es una plataforma que facilita el acceso a soluciones PropTech para digitalizar su negocio. Nuestro objetivo es facilitar el acceso a las tecnolog\u00edas PropTech a los m\u00e1s diversos actores del mercado inmobiliario, reuniendo en un solo lugar las m\u00e1s diversas y cualificadas soluciones digitales. Proptechnia distribuye en Espa\u00f1a, Portugal y Andorra soluciones de los mejores y m\u00e1s reputados desarrolladores a nivel ...\" \/>\n<meta property=\"og:url\" content=\"https:\/\/www.proptechnia.com\/en\/quien-somos\/\" \/>\n<meta property=\"og:site_name\" content=\"proptechnia\" \/>\n<meta property=\"article:publisher\" content=\"https:\/\/www.facebook.com\/proptechnia\" \/>\n<meta property=\"article:modified_time\" content=\"2024-03-15T22:56:47+00:00\" \/>\n<meta name=\"twitter:card\" content=\"summary_large_image\" \/>\n<meta name=\"twitter:label1\" content=\"Est. reading time\" \/>\n\t<meta name=\"twitter:data1\" content=\"1 minute\" \/>\n<script type=\"application\/ld+json\" class=\"yoast-schema-graph\">{\"@context\":\"https:\/\/schema.org\",\"@graph\":[{\"@type\":\"WebPage\",\"@id\":\"https:\/\/www.proptechnia.com\/quien-somos\/\",\"url\":\"https:\/\/www.proptechnia.com\/quien-somos\/\",\"name\":\"Qui\u00e9n somos - proptechnia\",\"isPartOf\":{\"@id\":\"https:\/\/www.proptechnia.com\/#website\"},\"datePublished\":\"2023-10-05T19:40:04+00:00\",\"dateModified\":\"2024-03-15T22:56:47+00:00\",\"breadcrumb\":{\"@id\":\"https:\/\/www.proptechnia.com\/quien-somos\/#breadcrumb\"},\"inLanguage\":\"en-US\",\"potentialAction\":[{\"@type\":\"ReadAction\",\"target\":[\"https:\/\/www.proptechnia.com\/quien-somos\/\"]}]},{\"@type\":\"BreadcrumbList\",\"@id\":\"https:\/\/www.proptechnia.com\/quien-somos\/#breadcrumb\",\"itemListElement\":[{\"@type\":\"ListItem\",\"position\":1,\"name\":\"Portada\",\"item\":\"https:\/\/www.proptechnia.com\/\"},{\"@type\":\"ListItem\",\"position\":2,\"name\":\"Qui\u00e9n somos\"}]},{\"@type\":\"WebSite\",\"@id\":\"https:\/\/www.proptechnia.com\/#website\",\"url\":\"https:\/\/www.proptechnia.com\/\",\"name\":\"residencereal.com.mialias.net\",\"description\":\"Soluciones proptech\",\"publisher\":{\"@id\":\"https:\/\/www.proptechnia.com\/#organization\"},\"potentialAction\":[{\"@type\":\"SearchAction\",\"target\":{\"@type\":\"EntryPoint\",\"urlTemplate\":\"https:\/\/www.proptechnia.com\/?s={search_term_string}\"},\"query-input\":\"required name=search_term_string\"}],\"inLanguage\":\"en-US\"},{\"@type\":\"Organization\",\"@id\":\"https:\/\/www.proptechnia.com\/#organization\",\"name\":\"residencereal.com.mialias.net\",\"url\":\"https:\/\/www.proptechnia.com\/\",\"logo\":{\"@type\":\"ImageObject\",\"inLanguage\":\"en-US\",\"@id\":\"https:\/\/www.proptechnia.com\/#\/schema\/logo\/image\/\",\"url\":\"http:\/\/www.residencereal.com.mialias.net\/wp-content\/uploads\/2023\/10\/Logo-Proptechnia-06-Name.jpg\",\"contentUrl\":\"http:\/\/www.residencereal.com.mialias.net\/wp-content\/uploads\/2023\/10\/Logo-Proptechnia-06-Name.jpg\",\"width\":1,\"height\":1,\"caption\":\"residencereal.com.mialias.net\"},\"image\":{\"@id\":\"https:\/\/www.proptechnia.com\/#\/schema\/logo\/image\/\"},\"sameAs\":[\"https:\/\/www.facebook.com\/proptechnia\",\"https:\/\/www.instagram.com\/proptechnia\"]}]}<\/script>\n<!-- \/ Yoast SEO plugin. -->","yoast_head_json":{"title":"Qui\u00e9n somos - proptechnia","robots":{"index":"index","follow":"follow","max-snippet":"max-snippet:-1","max-image-preview":"max-image-preview:large","max-video-preview":"max-video-preview:-1"},"canonical":"https:\/\/www.proptechnia.com\/en\/quien-somos\/","og_locale":"en_US","og_type":"article","og_title":"Qui\u00e9n somos - proptechnia","og_description":"\u00bfQui\u00e9n somos? Proptechnia es una plataforma que facilita el acceso a soluciones PropTech para digitalizar su negocio. Nuestro objetivo es facilitar el acceso a las tecnolog\u00edas PropTech a los m\u00e1s diversos actores del mercado inmobiliario, reuniendo en un solo lugar las m\u00e1s diversas y cualificadas soluciones digitales. Proptechnia distribuye en Espa\u00f1a, Portugal y Andorra soluciones de los mejores y m\u00e1s reputados desarrolladores a nivel ...","og_url":"https:\/\/www.proptechnia.com\/en\/quien-somos\/","og_site_name":"proptechnia","article_publisher":"https:\/\/www.facebook.com\/proptechnia","article_modified_time":"2024-03-15T22:56:47+00:00","twitter_card":"summary_large_image","twitter_misc":{"Est. reading time":"1 minute"},"schema":{"@context":"https:\/\/schema.org","@graph":[{"@type":"WebPage","@id":"https:\/\/www.proptechnia.com\/quien-somos\/","url":"https:\/\/www.proptechnia.com\/quien-somos\/","name":"Qui\u00e9n somos - proptechnia","isPartOf":{"@id":"https:\/\/www.proptechnia.com\/#website"},"datePublished":"2023-10-05T19:40:04+00:00","dateModified":"2024-03-15T22:56:47+00:00","breadcrumb":{"@id":"https:\/\/www.proptechnia.com\/quien-somos\/#breadcrumb"},"inLanguage":"en-US","potentialAction":[{"@type":"ReadAction","target":["https:\/\/www.proptechnia.com\/quien-somos\/"]}]},{"@type":"BreadcrumbList","@id":"https:\/\/www.proptechnia.com\/quien-somos\/#breadcrumb","itemListElement":[{"@type":"ListItem","position":1,"name":"Portada","item":"https:\/\/www.proptechnia.com\/"},{"@type":"ListItem","position":2,"name":"Qui\u00e9n somos"}]},{"@type":"WebSite","@id":"https:\/\/www.proptechnia.com\/#website","url":"https:\/\/www.proptechnia.com\/","name":"residencereal.com.mialias.net","description":"Soluciones proptech","publisher":{"@id":"https:\/\/www.proptechnia.com\/#organization"},"potentialAction":[{"@type":"SearchAction","target":{"@type":"EntryPoint","urlTemplate":"https:\/\/www.proptechnia.com\/?s={search_term_string}"},"query-input":"required name=search_term_string"}],"inLanguage":"en-US"},{"@type":"Organization","@id":"https:\/\/www.proptechnia.com\/#organization","name":"residencereal.com.mialias.net","url":"https:\/\/www.proptechnia.com\/","logo":{"@type":"ImageObject","inLanguage":"en-US","@id":"https:\/\/www.proptechnia.com\/#\/schema\/logo\/image\/","url":"http:\/\/www.residencereal.com.mialias.net\/wp-content\/uploads\/2023\/10\/Logo-Proptechnia-06-Name.jpg","contentUrl":"http:\/\/www.residencereal.com.mialias.net\/wp-content\/uploads\/2023\/10\/Logo-Proptechnia-06-Name.jpg","width":1,"height":1,"caption":"residencereal.com.mialias.net"},"image":{"@id":"https:\/\/www.proptechnia.com\/#\/schema\/logo\/image\/"},"sameAs":["https:\/\/www.facebook.com\/proptechnia","https:\/\/www.instagram.com\/proptechnia"]}]}},"_links":{"self":[{"href":"https:\/\/www.proptechnia.com\/en\/wp-json\/wp\/v2\/pages\/19434","targetHints":{"allow":["GET"]}}],"collection":[{"href":"https:\/\/www.proptechnia.com\/en\/wp-json\/wp\/v2\/pages"}],"about":[{"href":"https:\/\/www.proptechnia.com\/en\/wp-json\/wp\/v2\/types\/page"}],"author":[{"embeddable":true,"href":"https:\/\/www.proptechnia.com\/en\/wp-json\/wp\/v2\/users\/1"}],"replies":[{"embeddable":true,"href":"https:\/\/www.proptechnia.com\/en\/wp-json\/wp\/v2\/comments?post=19434"}],"version-history":[{"count":41,"href":"https:\/\/www.proptechnia.com\/en\/wp-json\/wp\/v2\/pages\/19434\/revisions"}],"predecessor-version":[{"id":22281,"href":"https:\/\/www.proptechnia.com\/en\/wp-json\/wp\/v2\/pages\/19434\/revisions\/22281"}],"wp:attachment":[{"href":"https:\/\/www.proptechnia.com\/en\/wp-json\/wp\/v2\/media?parent=19434"}],"curies":[{"name":"wp","href":"https:\/\/api.w.org\/{rel}","templated":true}]}}